{"id":646,"date":"2025-02-06T09:38:45","date_gmt":"2025-02-06T08:38:45","guid":{"rendered":"https:\/\/mt.uken.krakow.pl\/viii\/?page_id=646"},"modified":"2026-03-04T12:20:45","modified_gmt":"2026-03-04T11:20:45","slug":"formularz-rejestracyjny","status":"publish","type":"page","link":"https:\/\/mt.uken.krakow.pl\/viii\/formularz-rejestracyjny\/","title":{"rendered":"Formularz Rejestracyjny"},"content":{"rendered":"<p><strong>Formularz rejestracyjny<\/strong> dost\u0119pny jest <strong><a href=\"https:\/\/forms.gle\/EHLegFyLerWrtrbE7\" target=\"_blank\" rel=\"noopener\">tutaj<\/a><\/strong>.<\/p>\n<p>Formularz umo\u017cliwia zg\u0142oszenie ch\u0119ci udzia\u0142u w konferencji &#8211;\u00a0<strong>do 13 marca 2026 (godz. 23:59)<\/strong><\/p>\n<p>&nbsp;<\/p>\n","protected":false},"excerpt":{"rendered":"<p>Formularz rejestracyjny dost\u0119pny jest tutaj. Formularz umo\u017cliwia zg\u0142oszenie ch\u0119ci udzia\u0142u w konferencji &#8211;\u00a0do 13 marca 2026 (godz. 23:59) &nbsp;<\/p>\n","protected":false},"author":3,"featured_media":0,"parent":0,"menu_order":0,"comment_status":"closed","ping_status":"closed","template":"","meta":{"footnotes":""},"class_list":["post-646","page","type-page","status-publish","hentry"],"_links":{"self":[{"href":"https:\/\/mt.uken.krakow.pl\/viii\/wp-json\/wp\/v2\/pages\/646","targetHints":{"allow":["GET"]}}],"collection":[{"href":"https:\/\/mt.uken.krakow.pl\/viii\/wp-json\/wp\/v2\/pages"}],"about":[{"href":"https:\/\/mt.uken.krakow.pl\/viii\/wp-json\/wp\/v2\/types\/page"}],"author":[{"embeddable":true,"href":"https:\/\/mt.uken.krakow.pl\/viii\/wp-json\/wp\/v2\/users\/3"}],"replies":[{"embeddable":true,"href":"https:\/\/mt.uken.krakow.pl\/viii\/wp-json\/wp\/v2\/comments?post=646"}],"version-history":[{"count":12,"href":"https:\/\/mt.uken.krakow.pl\/viii\/wp-json\/wp\/v2\/pages\/646\/revisions"}],"predecessor-version":[{"id":939,"href":"https:\/\/mt.uken.krakow.pl\/viii\/wp-json\/wp\/v2\/pages\/646\/revisions\/939"}],"wp:attachment":[{"href":"https:\/\/mt.uken.krakow.pl\/viii\/wp-json\/wp\/v2\/media?parent=646"}],"curies":[{"name":"wp","href":"https:\/\/api.w.org\/{rel}","templated":true}]}}