{"id":574,"date":"2025-01-02T16:27:25","date_gmt":"2025-01-02T15:27:25","guid":{"rendered":"https:\/\/mt.uken.krakow.pl\/viii\/?page_id=574"},"modified":"2026-01-01T20:26:05","modified_gmt":"2026-01-01T19:26:05","slug":"zgody","status":"publish","type":"page","link":"https:\/\/mt.uken.krakow.pl\/viii\/zgody\/","title":{"rendered":"Zgody"},"content":{"rendered":"<div class=\"tresc\">\n<div id=\"trescinside\">\n<h6 class=\"naglowek\"><strong>RODO<\/strong><\/h6>\n<p>Zgodnie z art. 13 Rozporz\u0105dzenia Parlamentu Europejskiego i Rady (UE) 2016\/679 z dnia 27 kwietnia 2016 r. w sprawie ochrony os\u00f3b fizycznych w zwi\u0105zku z przetwarzaniem danych osobowych i w sprawie swobodnego przep\u0142ywu takich danych oraz uchylenia dyrektywy 95\/46\/WE (dalej: <strong><u>RODO<\/u><\/strong>) Uniwersytet Komisji Edukacji Narodowej w Krakowie informuje, i\u017c:<\/p>\n<ul>\n<li>\u00a0Administratorem Pana\/Pani danych osobowych jest Uniwersytet Komisji Edukacji Narodowej w Krakowie ul. Podchor\u0105\u017cych 2, 30-084 Krak\u00f3w.<\/li>\n<li>Administrator powo\u0142a\u0142 Inspektora Ochrony Danych Osobowych adres e-mail: iod@uken.krakow.pl tel. \/12\/ 662 62 06.<\/li>\n<li>Pana\/Pani dane osobowe b\u0119d\u0105 przetwarzane z zwi\u0105zku z udzia\u0142em w konferencji naukowo-metodycznej<em><strong> Transgresje Matematyczne<\/strong><\/em> na podstawie uzyskanej zgody na ich przetwarzanie.<\/li>\n<li>Pana\/Pani dane osobowe b\u0119d\u0105 przechowywane do momentu z\u0142o\u017cenia pisemnej pro\u015bby o usuni\u0119cie.<\/li>\n<li>Pana\/Pani dane osobowe w zakresie niezb\u0119dnym do realizacji czynno\u015bci zwi\u0105zanych z udzia\u0142em w konferencji mog\u0105 zosta\u0107 udost\u0119pnione partnerom konferencji.<\/li>\n<li>Posiada Pan\/Pani prawo dost\u0119pu do swoich danych osobowych, ich sprostowania, usuni\u0119cia lub ograniczenia przetwarzania lub prawie do wniesienia sprzeciwu wobec przetwarzania,\u00a0 a tak\u017ce prawo do przenoszenia danych.<\/li>\n<li>Posiada Pan\/Pani prawo do cofni\u0119cia wyra\u017conej zgody w dowolnym terminie. Wycofanie zgody nie wp\u0142ywa na zgodno\u015b\u0107 z prawem przetwarzania, kt\u00f3rego dokonano na podstawie zgody przed jej wycofaniem.<\/li>\n<li>Posiada Pan\/Pani prawo wniesienia skargi do Prezesa Urz\u0119du Ochrony Danych Osobowych.<\/li>\n<li>Podanie danych osobowych jest warunkiem niezb\u0119dnym do podj\u0119cia czynno\u015bci zwi\u0105zanych z organizacj\u0105 konferencji i\/lub wydaniem publikacji pokonferencyjnej. W przypadku niepodania danych osobowych nie jest mo\u017cliwe realizowanie ww. czynno\u015bci.<\/li>\n<li>Pani\/Pana dane osobowe nie podlegaj\u0105 zautomatyzowanemu podejmowaniu decyzji, w tym profilowaniu.<\/li>\n<\/ul>\n<p>Tre\u015b\u0107 zgody na przetwarzanie danych osobowych, kt\u00f3rej udzielaj\u0105 Pa\u0144stwo wype\u0142niaj\u0105c Formularz Rejestracyjny:<\/p>\n<h6><strong>Zgoda obowi\u0105zkowa<\/strong><\/h6>\n<div>\n<p>Wyra\u017cam zgod\u0119 na przetwarzanie przez Uniwersytet Komisji Edukacji Narodowej w Krakowie moich danych osobowych podanych w formularzu rejestracyjnym w sprawach zwi\u0105zanych z organizacj\u0105 konferencji naukowo-metodycznej <em>Transgresje Matematyczne<\/em>, w tym na umieszczenie mojego imienia i nazwiska oraz afiliacji na stronie internetowej konferencji oraz w ksi\u0119dze abstrakt\u00f3w, a tak\u017ce na wykorzystanie w celach zwi\u0105zanych z promocj\u0105 konferencji zdj\u0119\u0107 lub nagra\u0144 wykonanych podczas wydarzenia, na kt\u00f3rych znajdzie si\u0119 m\u00f3j wizerunek, zgodnie z Rozporz\u0105dzeniem Parlamentu Europejskiego i Rady (UE) 2016\/679 z dnia 27 kwietnia 2016 r. w sprawie ochrony os\u00f3b fizycznych w zwi\u0105zku z przetwarzaniem danych osobowych i w sprawie swobodnego przep\u0142ywu takich danych oraz uchylenia dyrektywy 95\/46\/WE oraz zgodnie z klauzul\u0105 informacyjn\u0105 do\u0142\u0105czon\u0105 do mojej zgody.<\/p>\n<\/div>\n<h6><strong>Zgoda opcjonalna<\/strong><\/h6>\n<p>Wyra\u017cam zgod\u0119 na przetwarzanie przez Uniwersytet Komisji Edukacji Narodowej w Krakowie danych osobowych podanych w formularzu kontaktowym (e-mail, adres instytucjonalny\/korespondencyjny) <b>w celu informowania o przysz\u0142ych konferencjach i innych dzia\u0142aniach zwi\u0105zanych z nauk\u0105 i edukacj\u0105 <\/b>organizowanych lub wsp\u00f3\u0142organizowanych przez Instytut Matematyki i inne jednostki Uniwersytetu Komisji Edukacji Narodowej w Krakowie, zgodnie z Rozporz\u0105dzeniem Parlamentu Europejskiego i Rady (UE) 2016\/679 z dnia 27 kwietnia 2016 r. w sprawie ochrony os\u00f3b fizycznych w zwi\u0105zku z przetwarzaniem danych osobowych i w sprawie swobodnego przep\u0142ywu takich danych oraz uchylenia dyrektywy 95\/46\/WE.<\/p>\n<p>&nbsp;<\/p>\n<\/div>\n<\/div>\n","protected":false},"excerpt":{"rendered":"<p>RODO Zgodnie z art. 13 Rozporz\u0105dzenia Parlamentu Europejskiego i Rady (UE) 2016\/679 z dnia 27 kwietnia 2016 r. w sprawie&hellip; <\/p>\n","protected":false},"author":3,"featured_media":0,"parent":0,"menu_order":0,"comment_status":"closed","ping_status":"closed","template":"","meta":{"footnotes":""},"class_list":["post-574","page","type-page","status-publish","hentry"],"_links":{"self":[{"href":"https:\/\/mt.uken.krakow.pl\/viii\/wp-json\/wp\/v2\/pages\/574","targetHints":{"allow":["GET"]}}],"collection":[{"href":"https:\/\/mt.uken.krakow.pl\/viii\/wp-json\/wp\/v2\/pages"}],"about":[{"href":"https:\/\/mt.uken.krakow.pl\/viii\/wp-json\/wp\/v2\/types\/page"}],"author":[{"embeddable":true,"href":"https:\/\/mt.uken.krakow.pl\/viii\/wp-json\/wp\/v2\/users\/3"}],"replies":[{"embeddable":true,"href":"https:\/\/mt.uken.krakow.pl\/viii\/wp-json\/wp\/v2\/comments?post=574"}],"version-history":[{"count":10,"href":"https:\/\/mt.uken.krakow.pl\/viii\/wp-json\/wp\/v2\/pages\/574\/revisions"}],"predecessor-version":[{"id":847,"href":"https:\/\/mt.uken.krakow.pl\/viii\/wp-json\/wp\/v2\/pages\/574\/revisions\/847"}],"wp:attachment":[{"href":"https:\/\/mt.uken.krakow.pl\/viii\/wp-json\/wp\/v2\/media?parent=574"}],"curies":[{"name":"wp","href":"https:\/\/api.w.org\/{rel}","templated":true}]}}