{"id":213,"date":"2024-02-20T22:41:24","date_gmt":"2024-02-20T21:41:24","guid":{"rendered":"https:\/\/mt.up.krakow.pl\/vii\/?page_id=213"},"modified":"2026-03-04T12:18:24","modified_gmt":"2026-03-04T11:18:24","slug":"terminy","status":"publish","type":"page","link":"https:\/\/mt.uken.krakow.pl\/viii\/terminy\/","title":{"rendered":"Terminy"},"content":{"rendered":"<div class=\"entry-content clearfix\">\n<div class=\"entry-content clearfix\">\n<p><strong>Transgresje Matematyczne<\/strong> <strong>17-20 marca 2026<\/strong><\/p>\n<p><strong>Rejestracja uczestnik\u00f3w:<\/strong> <strong><span style=\"color: red\">do 13 marca 2026 (godz. 23:59)<\/span><\/strong><\/p>\n<p><strong>Op\u0142ata za udzia\u0142 w konferencji:<\/strong> brak<\/p>\n<\/div>\n<\/div>\n","protected":false},"excerpt":{"rendered":"<p>Transgresje Matematyczne 17-20 marca 2026 Rejestracja uczestnik\u00f3w: do 13 marca 2026 (godz. 23:59) Op\u0142ata za udzia\u0142 w konferencji: brak<\/p>\n","protected":false},"author":3,"featured_media":0,"parent":0,"menu_order":0,"comment_status":"closed","ping_status":"closed","template":"","meta":{"footnotes":""},"class_list":["post-213","page","type-page","status-publish","hentry"],"_links":{"self":[{"href":"https:\/\/mt.uken.krakow.pl\/viii\/wp-json\/wp\/v2\/pages\/213","targetHints":{"allow":["GET"]}}],"collection":[{"href":"https:\/\/mt.uken.krakow.pl\/viii\/wp-json\/wp\/v2\/pages"}],"about":[{"href":"https:\/\/mt.uken.krakow.pl\/viii\/wp-json\/wp\/v2\/types\/page"}],"author":[{"embeddable":true,"href":"https:\/\/mt.uken.krakow.pl\/viii\/wp-json\/wp\/v2\/users\/3"}],"replies":[{"embeddable":true,"href":"https:\/\/mt.uken.krakow.pl\/viii\/wp-json\/wp\/v2\/comments?post=213"}],"version-history":[{"count":37,"href":"https:\/\/mt.uken.krakow.pl\/viii\/wp-json\/wp\/v2\/pages\/213\/revisions"}],"predecessor-version":[{"id":937,"href":"https:\/\/mt.uken.krakow.pl\/viii\/wp-json\/wp\/v2\/pages\/213\/revisions\/937"}],"wp:attachment":[{"href":"https:\/\/mt.uken.krakow.pl\/viii\/wp-json\/wp\/v2\/media?parent=213"}],"curies":[{"name":"wp","href":"https:\/\/api.w.org\/{rel}","templated":true}]}}