{"id":209,"date":"2024-02-20T22:33:06","date_gmt":"2024-02-20T21:33:06","guid":{"rendered":"https:\/\/mt.up.krakow.pl\/vii\/?page_id=209"},"modified":"2025-10-06T13:06:14","modified_gmt":"2025-10-06T11:06:14","slug":"publikacja","status":"publish","type":"page","link":"https:\/\/mt.uken.krakow.pl\/viii\/publikacja\/","title":{"rendered":"Publikacja"},"content":{"rendered":"<p>Uczestnik\u00f3w<strong> Transgresji Matematycznych<\/strong>, kt\u00f3rzy wyst\u0105pi\u0105 podczas konferencji zapraszamy do nadsy\u0142ania tekst\u00f3w do czasopisma\u00a0<a href=\"https:\/\/didacticammath.uken.krakow.pl\/\" target=\"_blank\" rel=\"noopener\"><strong><em>Annales Universitatis Paedagogicae Cracoviensis.\u00a0<\/em><em>Studia ad Didacticam Mathematicae Pertinentia<\/em><\/strong><\/a>. Wszelkie pytania zwi\u0105zane z publikacj\u0105 prosimy kierowa\u0107 bezpo\u015brednio do redakcji czasopisma na adres <a href=\"mailto:annalesd@uken.krakow.pl\">annalesd@uken.krakow.pl<\/a>.<\/p>\n","protected":false},"excerpt":{"rendered":"<p>Uczestnik\u00f3w Transgresji Matematycznych, kt\u00f3rzy wyst\u0105pi\u0105 podczas konferencji zapraszamy do nadsy\u0142ania tekst\u00f3w do czasopisma\u00a0Annales Universitatis Paedagogicae Cracoviensis.\u00a0Studia ad Didacticam Mathematicae Pertinentia.&hellip; <\/p>\n","protected":false},"author":3,"featured_media":0,"parent":0,"menu_order":0,"comment_status":"closed","ping_status":"closed","template":"","meta":{"footnotes":""},"class_list":["post-209","page","type-page","status-publish","hentry"],"_links":{"self":[{"href":"https:\/\/mt.uken.krakow.pl\/viii\/wp-json\/wp\/v2\/pages\/209","targetHints":{"allow":["GET"]}}],"collection":[{"href":"https:\/\/mt.uken.krakow.pl\/viii\/wp-json\/wp\/v2\/pages"}],"about":[{"href":"https:\/\/mt.uken.krakow.pl\/viii\/wp-json\/wp\/v2\/types\/page"}],"author":[{"embeddable":true,"href":"https:\/\/mt.uken.krakow.pl\/viii\/wp-json\/wp\/v2\/users\/3"}],"replies":[{"embeddable":true,"href":"https:\/\/mt.uken.krakow.pl\/viii\/wp-json\/wp\/v2\/comments?post=209"}],"version-history":[{"count":6,"href":"https:\/\/mt.uken.krakow.pl\/viii\/wp-json\/wp\/v2\/pages\/209\/revisions"}],"predecessor-version":[{"id":823,"href":"https:\/\/mt.uken.krakow.pl\/viii\/wp-json\/wp\/v2\/pages\/209\/revisions\/823"}],"wp:attachment":[{"href":"https:\/\/mt.uken.krakow.pl\/viii\/wp-json\/wp\/v2\/media?parent=209"}],"curies":[{"name":"wp","href":"https:\/\/api.w.org\/{rel}","templated":true}]}}