{"id":6,"date":"2023-06-21T15:25:18","date_gmt":"2023-06-21T13:25:18","guid":{"rendered":"https:\/\/mt.up.krakow.pl\/vii\/?page_id=6"},"modified":"2025-01-02T02:54:36","modified_gmt":"2025-01-02T01:54:36","slug":"glowna","status":"publish","type":"page","link":"https:\/\/mt.uken.krakow.pl\/vii\/","title":{"rendered":"Strona g\u0142\u00f3wna"},"content":{"rendered":"<p>Mamy przyjemno\u015b\u0107 zaprosi\u0107 Pa\u0144stwa do udzia\u0142u w si\u00f3dmej edycji konferencji <strong>Transgresje Matematyczne<\/strong>, organizowanej przez Instytut Matematyki Uniwersytetu Komisji Edukacji Narodowej w Krakowie. Konferencja odb\u0119dzie si\u0119 w Krakowie w dniach <strong>17 &#8211; 19 marca 2025 roku<\/strong>.<\/p>\n<p>Temat tegorocznej edycji konferencji to: <strong>Merytorycznie i praktycznie!<\/strong><\/p>\n<p>Do udzia\u0142u w konferencji zapraszamy niezmiennie dydaktyk\u00f3w i nauczycieli matematyki oraz przedstawicieli dyscyplin naukowych takich jak filozofia, psychologia i pedagogika, kt\u00f3rzy zainteresowani s\u0105 edukacj\u0105 matematyczn\u0105.<\/p>\n<p>W ramach cz\u0119\u015bci naukowo-metodycznej konferencji przewidujemy:<\/p>\n<ul style=\"color: blue\">\n<li><span style=\"color: black\">dyskusj\u0119 dotycz\u0105c\u0105 podstawy programowej z matematyki,<\/span><\/li>\n<li><span style=\"color: black\">wyk\u0142ady,<\/span><\/li>\n<li><span style=\"color: black\">referaty (sesje wsp\u00f3lne; sesje r\u00f3wnoleg\u0142e: matematyka w szkole podstawowej \/ matematyka w szkole ponadpodstawowej).<\/span><\/li>\n<\/ul>\n<p>Proponujemy nast\u0119puj\u0105ce obszary tematyczne wyst\u0105pie\u0144:<\/p>\n<ul style=\"color: green\">\n<li><span style=\"color: black\">Sposoby na rozpocz\u0119cie lekcji matematyki,<\/span><\/li>\n<li><span style=\"color: black\">Koncepcje wprowadzania poj\u0119\u0107 i twierdze\u0144 na lekcjach matematyki,<\/span><\/li>\n<li><span style=\"color: black\">Rozwijanie umiej\u0119tno\u015bci uczni\u00f3w w zakresie dowodzenia twierdze\u0144,<\/span><\/li>\n<li><span style=\"color: black\">R\u00f3\u017cne sposoby rozwi\u0105zywania szkolnych zada\u0144 matematycznych,<\/span><\/li>\n<li><span style=\"color: black\">Pomys\u0142y na lekcje powt\u00f3rzeniowe,<\/span><\/li>\n<li><span style=\"color: black\">R\u00f3\u017cne formy sprawdzania wiedzy i umiej\u0119tno\u015bci uczni\u00f3w.<\/span><\/li>\n<\/ul>\n<p>Do zg\u0142aszania referat\u00f3w zapraszamy przede wszystkim:<\/p>\n<ul style=\"color: purple\">\n<li><span style=\"color: black\">dydaktyk\u00f3w matematyki,<\/span><\/li>\n<li><span style=\"color: black\">nauczycieli matematyki,<\/span><\/li>\n<li><span style=\"color: black\">doradc\u00f3w metodycznych.<\/span><\/li>\n<\/ul>\n","protected":false},"excerpt":{"rendered":"<p>Mamy przyjemno\u015b\u0107 zaprosi\u0107 Pa\u0144stwa do udzia\u0142u w si\u00f3dmej edycji konferencji Transgresje Matematyczne, organizowanej przez Instytut Matematyki Uniwersytetu Komisji Edukacji Narodowej&hellip; <\/p>\n","protected":false},"author":2,"featured_media":0,"parent":0,"menu_order":0,"comment_status":"closed","ping_status":"closed","template":"","meta":{"footnotes":""},"class_list":["post-6","page","type-page","status-publish","hentry"],"_links":{"self":[{"href":"https:\/\/mt.uken.krakow.pl\/vii\/wp-json\/wp\/v2\/pages\/6","targetHints":{"allow":["GET"]}}],"collection":[{"href":"https:\/\/mt.uken.krakow.pl\/vii\/wp-json\/wp\/v2\/pages"}],"about":[{"href":"https:\/\/mt.uken.krakow.pl\/vii\/wp-json\/wp\/v2\/types\/page"}],"author":[{"embeddable":true,"href":"https:\/\/mt.uken.krakow.pl\/vii\/wp-json\/wp\/v2\/users\/2"}],"replies":[{"embeddable":true,"href":"https:\/\/mt.uken.krakow.pl\/vii\/wp-json\/wp\/v2\/comments?post=6"}],"version-history":[{"count":22,"href":"https:\/\/mt.uken.krakow.pl\/vii\/wp-json\/wp\/v2\/pages\/6\/revisions"}],"predecessor-version":[{"id":568,"href":"https:\/\/mt.uken.krakow.pl\/vii\/wp-json\/wp\/v2\/pages\/6\/revisions\/568"}],"wp:attachment":[{"href":"https:\/\/mt.uken.krakow.pl\/vii\/wp-json\/wp\/v2\/media?parent=6"}],"curies":[{"name":"wp","href":"https:\/\/api.w.org\/{rel}","templated":true}]}}