{"id":215,"date":"2024-02-20T22:42:00","date_gmt":"2024-02-20T21:42:00","guid":{"rendered":"https:\/\/mt.up.krakow.pl\/vii\/?page_id=215"},"modified":"2025-01-02T21:59:16","modified_gmt":"2025-01-02T20:59:16","slug":"oplata-konferencyjna","status":"publish","type":"page","link":"https:\/\/mt.uken.krakow.pl\/vii\/oplata-konferencyjna\/","title":{"rendered":"Op\u0142ata konferencyjna"},"content":{"rendered":"<p>Op\u0142ata konferencyjna wynosi <strong>400 z\u0142<\/strong> i obejmuje:<\/p>\n<ul>\n<li>udzia\u0142 w konferencji w dniach 17-19 marca 2025,<\/li>\n<li>przerwy kawowe i obiadowe,<\/li>\n<li>materia\u0142y konferencyjne.<\/li>\n<\/ul>\n<p>Dane do przelewu op\u0142aty za udzia\u0142 w konferencji:<\/p>\n<table style=\"height: 391px\" width=\"849\">\n<tbody>\n<tr>\n<td>\n<h6>Odbiorca<\/h6>\n<\/td>\n<td>\n<h6>Uniwersytet Komisji Edukacji Narodowej w Krakowie<\/h6>\n<\/td>\n<\/tr>\n<tr>\n<td>\n<h6>Adres odbiorcy<\/h6>\n<\/td>\n<td>\n<h6>ul. Podchor\u0105\u017cych 2, 30-084 Krak\u00f3w<\/h6>\n<\/td>\n<\/tr>\n<tr>\n<td>\n<h6>Nazwa banku<\/h6>\n<\/td>\n<td>\n<h6>Bank Pekao S.A. Oddzia\u0142 w Krakowie<\/h6>\n<\/td>\n<\/tr>\n<tr>\n<td>\n<h6>Numer konta dla przelew\u00f3w z Polski<\/h6>\n<\/td>\n<td>\n<h6>40 1240 6292 1111 0011 2338 2293<\/h6>\n<\/td>\n<\/tr>\n<tr>\n<td>\n<h6>Tytu\u0142 przelewu<\/h6>\n<\/td>\n<td>\n<h6><strong>DK \u2013 59, Imi\u0119 i nazwisko uczestnika, Transgresje Matematyczne<\/strong><\/h6>\n<\/td>\n<\/tr>\n<\/tbody>\n<\/table>\n<p><strong>Faktury<\/strong><\/p>\n<p>Je\u017celi chc\u0105 Pa\u0144stwo otrzyma\u0107 faktur\u0119 pro-forma\/przelewow\u0105, prosimy o przes\u0142anie pro\u015bby o tak\u0105 faktur\u0119 na adres <strong>barbara.baranska@uken.krakow.pl<\/strong> W mailu nale\u017cy poda\u0107 wszystkie dane niezb\u0119dne do wystawienia faktury.<\/p>\n","protected":false},"excerpt":{"rendered":"<p>Op\u0142ata konferencyjna wynosi 400 z\u0142 i obejmuje: udzia\u0142 w konferencji w dniach 17-19 marca 2025, przerwy kawowe i obiadowe, materia\u0142y&hellip; <\/p>\n","protected":false},"author":3,"featured_media":0,"parent":0,"menu_order":0,"comment_status":"closed","ping_status":"closed","template":"","meta":{"footnotes":""},"class_list":["post-215","page","type-page","status-publish","hentry"],"_links":{"self":[{"href":"https:\/\/mt.uken.krakow.pl\/vii\/wp-json\/wp\/v2\/pages\/215","targetHints":{"allow":["GET"]}}],"collection":[{"href":"https:\/\/mt.uken.krakow.pl\/vii\/wp-json\/wp\/v2\/pages"}],"about":[{"href":"https:\/\/mt.uken.krakow.pl\/vii\/wp-json\/wp\/v2\/types\/page"}],"author":[{"embeddable":true,"href":"https:\/\/mt.uken.krakow.pl\/vii\/wp-json\/wp\/v2\/users\/3"}],"replies":[{"embeddable":true,"href":"https:\/\/mt.uken.krakow.pl\/vii\/wp-json\/wp\/v2\/comments?post=215"}],"version-history":[{"count":16,"href":"https:\/\/mt.uken.krakow.pl\/vii\/wp-json\/wp\/v2\/pages\/215\/revisions"}],"predecessor-version":[{"id":595,"href":"https:\/\/mt.uken.krakow.pl\/vii\/wp-json\/wp\/v2\/pages\/215\/revisions\/595"}],"wp:attachment":[{"href":"https:\/\/mt.uken.krakow.pl\/vii\/wp-json\/wp\/v2\/media?parent=215"}],"curies":[{"name":"wp","href":"https:\/\/api.w.org\/{rel}","templated":true}]}}