{"id":213,"date":"2024-02-20T22:41:24","date_gmt":"2024-02-20T21:41:24","guid":{"rendered":"https:\/\/mt.up.krakow.pl\/vii\/?page_id=213"},"modified":"2025-02-26T00:13:01","modified_gmt":"2025-02-25T23:13:01","slug":"terminy","status":"publish","type":"page","link":"https:\/\/mt.uken.krakow.pl\/vii\/terminy\/","title":{"rendered":"Terminy"},"content":{"rendered":"<div class=\"entry-content clearfix\">\n<div class=\"entry-content clearfix\">\n<p><strong>Transgresje Matematyczne<\/strong> <strong>17-19 marca 2025<br \/>\n<\/strong><\/p>\n<p>Wa\u017cne terminy:<\/p>\n<p><strong>Rejestracja uczestnik\u00f3w bez referatu:<\/strong> 28.02.2025<br \/>\n<strong>Op\u0142ata za udzia\u0142 w konferencji:<\/strong> 28.02.2025<\/p>\n<\/div>\n<\/div>\n","protected":false},"excerpt":{"rendered":"<p>Transgresje Matematyczne 17-19 marca 2025 Wa\u017cne terminy: Rejestracja uczestnik\u00f3w bez referatu: 28.02.2025 Op\u0142ata za udzia\u0142 w konferencji: 28.02.2025<\/p>\n","protected":false},"author":3,"featured_media":0,"parent":0,"menu_order":0,"comment_status":"closed","ping_status":"closed","template":"","meta":{"footnotes":""},"class_list":["post-213","page","type-page","status-publish","hentry"],"_links":{"self":[{"href":"https:\/\/mt.uken.krakow.pl\/vii\/wp-json\/wp\/v2\/pages\/213","targetHints":{"allow":["GET"]}}],"collection":[{"href":"https:\/\/mt.uken.krakow.pl\/vii\/wp-json\/wp\/v2\/pages"}],"about":[{"href":"https:\/\/mt.uken.krakow.pl\/vii\/wp-json\/wp\/v2\/types\/page"}],"author":[{"embeddable":true,"href":"https:\/\/mt.uken.krakow.pl\/vii\/wp-json\/wp\/v2\/users\/3"}],"replies":[{"embeddable":true,"href":"https:\/\/mt.uken.krakow.pl\/vii\/wp-json\/wp\/v2\/comments?post=213"}],"version-history":[{"count":20,"href":"https:\/\/mt.uken.krakow.pl\/vii\/wp-json\/wp\/v2\/pages\/213\/revisions"}],"predecessor-version":[{"id":721,"href":"https:\/\/mt.uken.krakow.pl\/vii\/wp-json\/wp\/v2\/pages\/213\/revisions\/721"}],"wp:attachment":[{"href":"https:\/\/mt.uken.krakow.pl\/vii\/wp-json\/wp\/v2\/media?parent=213"}],"curies":[{"name":"wp","href":"https:\/\/api.w.org\/{rel}","templated":true}]}}