{"id":209,"date":"2024-02-20T22:33:06","date_gmt":"2024-02-20T21:33:06","guid":{"rendered":"https:\/\/mt.up.krakow.pl\/vii\/?page_id=209"},"modified":"2025-01-02T09:57:28","modified_gmt":"2025-01-02T08:57:28","slug":"publikacja","status":"publish","type":"page","link":"https:\/\/mt.uken.krakow.pl\/vii\/publikacja\/","title":{"rendered":"Publikacja"},"content":{"rendered":"<p>Uczestnik\u00f3w<strong> Transgresji Matematycznych<\/strong>, kt\u00f3rzy wyst\u0105pi\u0105 podczas konferencji zapraszamy do nadsy\u0142ania tekst\u00f3w do przygotowywanej monografii dot. metodycznych aspekt\u00f3w nauczania matematyki, kt\u00f3ra b\u0119dzie wydana w j\u0119zyku polskim. Termin nadsy\u0142ania tekst\u00f3w: <strong>31 maja 2025<\/strong>.<br \/>\nSzczeg\u00f3\u0142y zostan\u0105 podane do wiadomo\u015bci osobom zainteresowanym publikacj\u0105.<\/p>\n","protected":false},"excerpt":{"rendered":"<p>Uczestnik\u00f3w Transgresji Matematycznych, kt\u00f3rzy wyst\u0105pi\u0105 podczas konferencji zapraszamy do nadsy\u0142ania tekst\u00f3w do przygotowywanej monografii dot. metodycznych aspekt\u00f3w nauczania matematyki, kt\u00f3ra&hellip; <\/p>\n","protected":false},"author":3,"featured_media":0,"parent":0,"menu_order":0,"comment_status":"closed","ping_status":"closed","template":"","meta":{"footnotes":""},"class_list":["post-209","page","type-page","status-publish","hentry"],"_links":{"self":[{"href":"https:\/\/mt.uken.krakow.pl\/vii\/wp-json\/wp\/v2\/pages\/209","targetHints":{"allow":["GET"]}}],"collection":[{"href":"https:\/\/mt.uken.krakow.pl\/vii\/wp-json\/wp\/v2\/pages"}],"about":[{"href":"https:\/\/mt.uken.krakow.pl\/vii\/wp-json\/wp\/v2\/types\/page"}],"author":[{"embeddable":true,"href":"https:\/\/mt.uken.krakow.pl\/vii\/wp-json\/wp\/v2\/users\/3"}],"replies":[{"embeddable":true,"href":"https:\/\/mt.uken.krakow.pl\/vii\/wp-json\/wp\/v2\/comments?post=209"}],"version-history":[{"count":4,"href":"https:\/\/mt.uken.krakow.pl\/vii\/wp-json\/wp\/v2\/pages\/209\/revisions"}],"predecessor-version":[{"id":569,"href":"https:\/\/mt.uken.krakow.pl\/vii\/wp-json\/wp\/v2\/pages\/209\/revisions\/569"}],"wp:attachment":[{"href":"https:\/\/mt.uken.krakow.pl\/vii\/wp-json\/wp\/v2\/media?parent=209"}],"curies":[{"name":"wp","href":"https:\/\/api.w.org\/{rel}","templated":true}]}}