{"id":207,"date":"2024-02-20T22:29:44","date_gmt":"2024-02-20T21:29:44","guid":{"rendered":"https:\/\/mt.up.krakow.pl\/vii\/?page_id=207"},"modified":"2025-03-11T15:40:27","modified_gmt":"2025-03-11T14:40:27","slug":"rejestracja","status":"publish","type":"page","link":"https:\/\/mt.uken.krakow.pl\/vii\/rejestracja\/","title":{"rendered":"Rejestracja"},"content":{"rendered":"<p><em><strong>Transgresje Matematyczne<\/strong><\/em> <strong>17-19 marca 2025<br \/>\n<\/strong><\/p>\n<div class=\"x_elementToProof\"><b data-olk-copy-source=\"MessageBody\">Otwieramy wybrane sesje konferencji!<\/b><\/div>\n<div class=\"x_elementToProof\">Osoby, kt\u00f3re nie uczestnicz\u0105 w konferencji, mog\u0105 wzi\u0105\u0107 udzia\u0142 (<b>nieodp\u0142atnie<\/b>) w nast\u0119puj\u0105cych sesjach:<\/div>\n<ul>\n<li>warsztaty \u201eEmbodying Math &amp; Physics Education\u201d \u2013 Miros\u0142awa Sajka, Roman Rosiek (17 marca, 15:30-16:45) \u2013 liczba miejsc ograniczona;<\/li>\n<li>warsztaty \u201ePraktykowanie refleksji\u201d \u2013 Tomasz Szemberg i wsp\u00f3\u0142pr. (18 marca, 15:30-16:45);<\/li>\n<li>sesja wspomnieniowa po\u015bwi\u0119cona \u017cyciu i dzia\u0142alno\u015bci Profesora Stefana Turnaua (18 marca, 17:00-19:00);<\/li>\n<li>sesja dotycz\u0105ca zmian w podstawie programowej z matematyki\u00a0(19 marca, 11:45-14:30) \u2013 liczba miejsc ograniczona.<\/li>\n<\/ul>\n<div class=\"x_elementToProof\">Osoby zainteresowane udzia\u0142em w wy\u017cej wymienionych sesjach prosimy o wype\u0142nienie formularza zg\u0142oszeniowego:<\/div>\n<div class=\"x_elementToProof\"><a id=\"OWA7f0da4d9-267c-236c-0d35-c94a663f9906\" class=\"x_x_OWAAutoLink\" title=\"https:\/\/forms.gle\/1WjLF6asKx9vGybw8\" href=\"https:\/\/forms.gle\/1WjLF6asKx9vGybw8\" target=\"_blank\" rel=\"noopener noreferrer\" data-linkindex=\"1\" data-auth=\"NotApplicable\">https:\/\/forms.gle\/1WjLF6asKx9vGybw8<\/a><\/div>\n<div class=\"x_elementToProof\"><b>Formularz b\u0119dzie aktywny do 12 marca (do godz. 23:59).<\/b><\/div>\n","protected":false},"excerpt":{"rendered":"<p>Transgresje Matematyczne 17-19 marca 2025 Otwieramy wybrane sesje konferencji! Osoby, kt\u00f3re nie uczestnicz\u0105 w konferencji, mog\u0105 wzi\u0105\u0107 udzia\u0142 (nieodp\u0142atnie) w&hellip; <\/p>\n","protected":false},"author":3,"featured_media":0,"parent":0,"menu_order":0,"comment_status":"closed","ping_status":"closed","template":"","meta":{"footnotes":""},"class_list":["post-207","page","type-page","status-publish","hentry"],"_links":{"self":[{"href":"https:\/\/mt.uken.krakow.pl\/vii\/wp-json\/wp\/v2\/pages\/207","targetHints":{"allow":["GET"]}}],"collection":[{"href":"https:\/\/mt.uken.krakow.pl\/vii\/wp-json\/wp\/v2\/pages"}],"about":[{"href":"https:\/\/mt.uken.krakow.pl\/vii\/wp-json\/wp\/v2\/types\/page"}],"author":[{"embeddable":true,"href":"https:\/\/mt.uken.krakow.pl\/vii\/wp-json\/wp\/v2\/users\/3"}],"replies":[{"embeddable":true,"href":"https:\/\/mt.uken.krakow.pl\/vii\/wp-json\/wp\/v2\/comments?post=207"}],"version-history":[{"count":15,"href":"https:\/\/mt.uken.krakow.pl\/vii\/wp-json\/wp\/v2\/pages\/207\/revisions"}],"predecessor-version":[{"id":776,"href":"https:\/\/mt.uken.krakow.pl\/vii\/wp-json\/wp\/v2\/pages\/207\/revisions\/776"}],"wp:attachment":[{"href":"https:\/\/mt.uken.krakow.pl\/vii\/wp-json\/wp\/v2\/media?parent=207"}],"curies":[{"name":"wp","href":"https:\/\/api.w.org\/{rel}","templated":true}]}}