{"id":482,"date":"2024-05-19T13:14:08","date_gmt":"2024-05-19T11:14:08","guid":{"rendered":"https:\/\/mt.up.krakow.pl\/vi\/?page_id=482"},"modified":"2024-05-19T13:38:26","modified_gmt":"2024-05-19T11:38:26","slug":"logoterapia","status":"publish","type":"page","link":"https:\/\/mt.uken.krakow.pl\/vi\/logoterapia\/","title":{"rendered":"Logoterapia"},"content":{"rendered":"<p>Uczestnicy konferencji b\u0119d\u0105 mieli mo\u017cliwo\u015b\u0107 nabycia ksi\u0105\u017cek <em>Terapia sensem <\/em>oraz <em>Odkryj sens, zmienisz \u017cycie <\/em>wydawnictwa MANDO Inside w promocyjnych cenach.<\/p>\n<p><a href=\"https:\/\/mt.uken.krakow.pl\/vi\/wp-content\/uploads\/sites\/8\/2024\/05\/terapia-sensem.jpg\"><img loading=\"lazy\" decoding=\"async\" class=\"alignnone size-full wp-image-483\" src=\"https:\/\/mt.uken.krakow.pl\/vi\/wp-content\/uploads\/sites\/8\/2024\/05\/terapia-sensem.jpg\" alt=\"\" width=\"264\" height=\"376\" srcset=\"https:\/\/mt.uken.krakow.pl\/vi\/wp-content\/uploads\/sites\/8\/2024\/05\/terapia-sensem.jpg 264w, https:\/\/mt.uken.krakow.pl\/vi\/wp-content\/uploads\/sites\/8\/2024\/05\/terapia-sensem-211x300.jpg 211w\" sizes=\"auto, (max-width: 264px) 100vw, 264px\" \/><\/a><\/p>\n<p><strong><em>Terapia sensem<\/em><\/strong><\/p>\n<p><strong>Monika Rusin, dr Roman Solecki<\/strong><\/p>\n<p><strong>MANDO Inside <\/strong><\/p>\n<p><strong>Krak\u00f3w 2024<\/strong><\/p>\n<p style=\"text-align: right\"><em>Wsp\u00f3\u0142czesny cz\u0142owiek ma za co \u017cy\u0107, ale nie zawsze ma po co \u017cy\u0107. <\/em><\/p>\n<p style=\"text-align: right\"><em>Ma \u015brodki, ale nie ma sensu, wi\u0119c kluczowe jest jego poszukiwanie.<\/em><\/p>\n<p style=\"text-align: right\">Viktor E. Frankl<\/p>\n<p>Ksi\u0105\u017cka <em>Terapia sensem<\/em>\u00a0 jest zapisem rozmowy Moniki Rusin i S\u0142awomira Rusina z\u00a0psychoterapeut\u0105 uzale\u017cnie\u0144 i logoterapeut\u0105 dr. Romanem Soleckim. Dzi\u0119ki przedstawionym w niej historiom, a tak\u017ce dzi\u0119ki przygotowanym \u0107wiczeniom odkryjesz, dlaczego tak wa\u017cne jest, by skupia\u0107 si\u0119 nie na problemie i deficytach, ale na mo\u017cliwo\u015bciach i zasobach.<\/p>\n<p><strong>Czy sens \u017cycia jest uniwersalny dla wszystkich ludzi?<\/strong><strong><br \/>\n<\/strong><strong>Dlaczego poznanie sensu prowadzi do uleczenia?<\/strong><strong><br \/>\n<\/strong><strong>Jak skutecznie poszukiwa\u0107 sensu \u017cycia?<\/strong><\/p>\n<p>Pytania o \u017cycie i jego sens zadaj\u0105 sobie wszyscy \u2013 bez wyj\u0105tku. Ci prze\u017cywaj\u0105cy pora\u017cki i\u00a0odnosz\u0105cy sukcesy, zagubieni i zdeterminowani, pochodz\u0105cy z dysfunkcyjnych dom\u00f3w i\u00a0ci, kt\u00f3rzy mieli szcz\u0119\u015bliwe dzieci\u0144stwo.<\/p>\n<p><strong>Logoterapia<\/strong><strong> jest nurtem psychoterapii, kt\u00f3ry uczy przede wszystkim <\/strong><strong>odnajdywania sensu w wydarzeniach \u017cycia, jakie by one nie by\u0142y<\/strong><strong>.<\/strong><\/p>\n<p>&nbsp;<\/p>\n<p><a href=\"https:\/\/mt.uken.krakow.pl\/vi\/wp-content\/uploads\/sites\/8\/2024\/05\/odkryj-sens.jpg\"><img loading=\"lazy\" decoding=\"async\" class=\"alignnone size-full wp-image-484\" src=\"https:\/\/mt.uken.krakow.pl\/vi\/wp-content\/uploads\/sites\/8\/2024\/05\/odkryj-sens.jpg\" alt=\"\" width=\"249\" height=\"355\" srcset=\"https:\/\/mt.uken.krakow.pl\/vi\/wp-content\/uploads\/sites\/8\/2024\/05\/odkryj-sens.jpg 249w, https:\/\/mt.uken.krakow.pl\/vi\/wp-content\/uploads\/sites\/8\/2024\/05\/odkryj-sens-210x300.jpg 210w\" sizes=\"auto, (max-width: 249px) 100vw, 249px\" \/><\/a><\/p>\n<p><strong><em>Odkryj sens, zmienisz \u017cycie<\/em><\/strong><\/p>\n<p><strong>Elizabeth Lukas<\/strong><\/p>\n<p><strong>MANDO Inside <\/strong><\/p>\n<p><strong>Krak\u00f3w 2024<\/strong><\/p>\n<p>Elisabeth Lukas<a href=\"#_ftn1\" name=\"_ftnref1\">[1]<\/a>, wybitna uczennica Viktora E. Frankla, ma\u0142ymi krokami prowadzi w\u00a0kierunku wielkich prze\u0142om\u00f3w. Uczy podejmowania decyzji bez wzgl\u0119du na okoliczno\u015bci i odkrywania sensu pomimo najtrudniejszych wydarze\u0144. Ksi\u0105\u017cka <em>Odkryj sens, zmienisz \u017cycie <\/em>zawiera 52 wyj\u0105tkowe historie o tym, jak osi\u0105gn\u0105\u0107 wewn\u0119trzny sukces: zmieni\u0107 siebie, uwierzy\u0107 w wolno\u015b\u0107 i wzi\u0105\u0107 odpowiedzialno\u015b\u0107 za w\u0142asne \u017cycie.<\/p>\n<p><strong>Starasz si\u0119 zmieni\u0107, ale nie wiesz, w kt\u00f3rym kierunku?<\/strong><\/p>\n<p><strong>W relacji dajesz z siebie wszystko, a co\u015b nadal nie wychodzi?<\/strong><\/p>\n<p><strong>Szukasz w\u0142a\u015bciwej drogi, ale nie masz poj\u0119cia, jak j\u0105 odnale\u017a\u0107?<\/strong><\/p>\n<p><strong>Mo\u017ce warto co\u015b zmieni\u0107?<\/strong><\/p>\n<p>Ta ksi\u0105\u017cka mo\u017ce by\u0107 zbiorem opowie\u015bci o Twoim \u017cyciu. Ojciec wstydz\u0105cy si\u0119 niepe\u0142nosprawnej c\u00f3rki. Ch\u0142opak, kt\u00f3remu nikt nie chce zaufa\u0107. M\u0142oda kobieta unikaj\u0105ca brania odpowiedzialno\u015bci za swoje \u017cycie. Matka, kt\u00f3rej dziecko nie chce si\u0119 uczy\u0107. Siwa jak go\u0142\u0105bek trzydziestolatka i chorobliwie zazdrosny m\u0105\u017c.<\/p>\n<p><em>Odkryj sens, zmienisz \u017cycie<\/em> to zapis spotka\u0144 Elisabeth Lukas z pacjentami, w czasie prowadzonej przez ni\u0105 terapii. Wybitna uczennica Viktora E. Frankla ma\u0142ymi krokami prowadzi w kierunku wielkich prze\u0142om\u00f3w. Uczy podejmowania decyzji bez wzgl\u0119du na okoliczno\u015bci i odkrywania sensu pomimo najtrudniejszych wydarze\u0144.<\/p>\n<p><em>Ksi\u0105\u017cka o niezwyk\u0142ym przes\u0142aniu logoterapeutycznym. Serdecznie polecam wszystkim, kt\u00f3rzy szukaj\u0105 sensu swojego \u017cycia lub chc\u0105 w tym dziele wspiera\u0107 innych. <\/em>prof. Mariusz J\u0119drzejko, pedagog, socjolog, terapeuta<\/p>\n<p style=\"text-align: center\"><strong>Odkryj logoterapi\u0119 Viktora E. Frankla w praktyce!<\/strong><\/p>\n<p>&nbsp;<\/p>\n<p><a href=\"#_ftnref1\" name=\"_ftn1\">[1]<\/a> Elisabeth Lukas jest austriack\u0105 psycholo\u017ck\u0105 i psychoterapeutk\u0105, jedn\u0105 z najwa\u017cniejszych przedstawicielek logoterapii, wspieraj\u0105c\u0105 swoich pacjent\u00f3w w odnajdywaniu sensu i przejmowaniu odpowiedzialno\u015bci za swoje \u017cycie. Uczennica Viktoria E. Frankla, tw\u00f3rcy logoterapii. Autorka kilkudziesi\u0119ciu ksi\u0105\u017cek t\u0142umaczonych na ca\u0142ym \u015bwiecie. Od grudnia 2022 roku Honorowy Cz\u0142onek Krakowskiego Instytutu Logoterapii.<\/p>\n","protected":false},"excerpt":{"rendered":"<p>Uczestnicy konferencji b\u0119d\u0105 mieli mo\u017cliwo\u015b\u0107 nabycia ksi\u0105\u017cek Terapia sensem oraz Odkryj sens, zmienisz \u017cycie wydawnictwa MANDO Inside w promocyjnych cenach.&hellip; <\/p>\n","protected":false},"author":3,"featured_media":0,"parent":0,"menu_order":0,"comment_status":"closed","ping_status":"closed","template":"","meta":{"footnotes":""},"class_list":["post-482","page","type-page","status-publish","hentry"],"_links":{"self":[{"href":"https:\/\/mt.uken.krakow.pl\/vi\/wp-json\/wp\/v2\/pages\/482","targetHints":{"allow":["GET"]}}],"collection":[{"href":"https:\/\/mt.uken.krakow.pl\/vi\/wp-json\/wp\/v2\/pages"}],"about":[{"href":"https:\/\/mt.uken.krakow.pl\/vi\/wp-json\/wp\/v2\/types\/page"}],"author":[{"embeddable":true,"href":"https:\/\/mt.uken.krakow.pl\/vi\/wp-json\/wp\/v2\/users\/3"}],"replies":[{"embeddable":true,"href":"https:\/\/mt.uken.krakow.pl\/vi\/wp-json\/wp\/v2\/comments?post=482"}],"version-history":[{"count":5,"href":"https:\/\/mt.uken.krakow.pl\/vi\/wp-json\/wp\/v2\/pages\/482\/revisions"}],"predecessor-version":[{"id":493,"href":"https:\/\/mt.uken.krakow.pl\/vi\/wp-json\/wp\/v2\/pages\/482\/revisions\/493"}],"wp:attachment":[{"href":"https:\/\/mt.uken.krakow.pl\/vi\/wp-json\/wp\/v2\/media?parent=482"}],"curies":[{"name":"wp","href":"https:\/\/api.w.org\/{rel}","templated":true}]}}