{"id":430,"date":"2024-05-08T17:23:41","date_gmt":"2024-05-08T15:23:41","guid":{"rendered":"https:\/\/mt.up.krakow.pl\/vi\/?page_id=430"},"modified":"2024-05-08T17:23:41","modified_gmt":"2024-05-08T15:23:41","slug":"warsztaty","status":"publish","type":"page","link":"https:\/\/mt.uken.krakow.pl\/vi\/transgresje-2024-program\/warsztaty\/","title":{"rendered":"Warsztaty"},"content":{"rendered":"<p><strong><em>Sze\u015bcienna pracownia matematyczna<\/em><\/strong><\/p>\n<p>Prowadz\u0105cy:<\/p>\n<p><strong>Barbara Dubiecka-Kruk<\/strong>, <em>Kurs na edukacj\u0119, Liceum Artes Liberales\u00a0<\/em><\/p>\n<p><strong>Krzysztof Chojecki<\/strong>, <em>Kurs na edukacj\u0119, freelancer<\/em><\/p>\n<p>Uczestnicy warsztat\u00f3w:<\/p>\n<ul>\n<li>zobacz\u0105 jak \u015bwiat popularnej gry Minecraft Education mo\u017ce sta\u0107 si\u0119 pracowni\u0105 Kr\u00f3lowej nauk,<\/li>\n<li>dowiedz\u0105 si\u0119, jakie s\u0105 r\u00f3\u017cne sposoby wykorzystania potencja\u0142u tej gry w edukacji matematycznej.<\/li>\n<li>do\u015bwiadcz\u0105 rozwijania kompetencji matematycznych w \u015bwiecie\u00a0Minecrafta,<\/li>\n<li>poznaj\u0105 konkretne wyzwania przygotowane dla uczni\u00f3w zaproszonych do wirtualnej klasy,<\/li>\n<li>udadz\u0105 si\u0119 w niesamowit\u0105 edukacyjn\u0105 podr\u00f3\u017c w \u015bwiat sze\u015bciennych bloczk\u00f3w.<\/li>\n<\/ul>\n<p><strong>UWAGA: Warsztaty <\/strong>zostan\u0105 przeprowadzone w tym samym czasie dla wszystkich uczestnik\u00f3w konferencji. Prosimy o przyj\u015bcie z w\u0142asnymi laptopami i na\u0142adowanie baterii przed zaj\u0119ciami. \ud83d\ude09<\/p>\n","protected":false},"excerpt":{"rendered":"<p>Sze\u015bcienna pracownia matematyczna Prowadz\u0105cy: Barbara Dubiecka-Kruk, Kurs na edukacj\u0119, Liceum Artes Liberales\u00a0 Krzysztof Chojecki, Kurs na edukacj\u0119, freelancer Uczestnicy warsztat\u00f3w:&hellip; <\/p>\n","protected":false},"author":3,"featured_media":0,"parent":246,"menu_order":0,"comment_status":"closed","ping_status":"closed","template":"","meta":{"footnotes":""},"class_list":["post-430","page","type-page","status-publish","hentry"],"_links":{"self":[{"href":"https:\/\/mt.uken.krakow.pl\/vi\/wp-json\/wp\/v2\/pages\/430","targetHints":{"allow":["GET"]}}],"collection":[{"href":"https:\/\/mt.uken.krakow.pl\/vi\/wp-json\/wp\/v2\/pages"}],"about":[{"href":"https:\/\/mt.uken.krakow.pl\/vi\/wp-json\/wp\/v2\/types\/page"}],"author":[{"embeddable":true,"href":"https:\/\/mt.uken.krakow.pl\/vi\/wp-json\/wp\/v2\/users\/3"}],"replies":[{"embeddable":true,"href":"https:\/\/mt.uken.krakow.pl\/vi\/wp-json\/wp\/v2\/comments?post=430"}],"version-history":[{"count":1,"href":"https:\/\/mt.uken.krakow.pl\/vi\/wp-json\/wp\/v2\/pages\/430\/revisions"}],"predecessor-version":[{"id":431,"href":"https:\/\/mt.uken.krakow.pl\/vi\/wp-json\/wp\/v2\/pages\/430\/revisions\/431"}],"up":[{"embeddable":true,"href":"https:\/\/mt.uken.krakow.pl\/vi\/wp-json\/wp\/v2\/pages\/246"}],"wp:attachment":[{"href":"https:\/\/mt.uken.krakow.pl\/vi\/wp-json\/wp\/v2\/media?parent=430"}],"curies":[{"name":"wp","href":"https:\/\/api.w.org\/{rel}","templated":true}]}}