{"id":428,"date":"2024-05-08T17:21:13","date_gmt":"2024-05-08T15:21:13","guid":{"rendered":"https:\/\/mt.up.krakow.pl\/vi\/?page_id=428"},"modified":"2024-05-10T23:28:28","modified_gmt":"2024-05-10T21:28:28","slug":"sesja-posw-prof-a-sierpinskiej","status":"publish","type":"page","link":"https:\/\/mt.uken.krakow.pl\/vi\/transgresje-2024-program\/sesja-posw-prof-a-sierpinskiej\/","title":{"rendered":"Sesja po\u015bw. prof. A. Sierpi\u0144skiej"},"content":{"rendered":"<p>Organizacja i prowadzenie sesji: <strong>Marianna Ciosek<\/strong>, <strong>Miros\u0142awa Sajka<\/strong><\/p>\n<p class=\"x_elementToProof\">P\u00f3\u0142 roku temu odesz\u0142a od nas Profesor ANNA SIERPI\u0143SKA (1947-\u00a02023), \u015bwiatowej s\u0142awy polsko-kanadyjski naukowiec i badacz z zakresu dydaktyki matematyki, szczeg\u00f3lnie ceniony za\u00a0wa\u017cny wk\u0142ad do bada\u0144 nad zagadnieniami epistemologii i rozumienia w matematyce.\u00a0Podczas swojego wyst\u0105pienia przypomnimy wybrane fakty z \u017cycia i dzia\u0142alno\u015bci naukowej oraz dydaktycznej Pani Profesor, podamy przyk\u0142ady Jej konkretnych zalece\u0144 dla praktyki nauczania matematyki, oparte r\u00f3wnie\u017c o Jej bogate do\u015bwiadczenie pracy w szkole, zaznaczymy Jej zwi\u0105zki ze \u015brodowiskiem polskim, w kt\u00f3rym zdoby\u0142a gruntowne wykszta\u0142cenie, a stopie\u0144 doktora nauk matematycznych w zakresie ich dydaktyki uzyska\u0142a\u00a0w murach tutejszej Uczelni &#8211; \u00f3wczesnej Wy\u017cszej Szko\u0142y Pedagogicznej w Krakowie. Przedstawimy tak\u017ce przyk\u0142adowe wypowiedzi wspominaj\u0105cych J\u0105 wsp\u00f3\u0142pracownik\u00f3w i student\u00f3w z Uniwersytetu Concordia w Montrealu, gdzie Pani Profesor pracowa\u0142a przez ponad 30 lat.<\/p>\n<p class=\"x_elementToProof\">Spotkanie zako\u0144czymy mo\u017cliwo\u015bci\u0105 wspomnienia Osoby i\u00a0dzia\u0142alno\u015bci naukowo-dydaktycznej Profesor Anny Sierpi\u0144skiej przez uczestnik\u00f3w sesji. Zapraszamy ju\u017c teraz wszystkich Pa\u0144stwa do swobodnych wypowiedzi oraz podzielenia si\u0119 refleksjami. Mamy nadziej\u0119 na wsp\u00f3ln\u0105 dyskusj\u0119 merytoryczn\u0105 zainspirowan\u0105 bogat\u0105 dzia\u0142alno\u015bci\u0105 Pani Profesor.<\/p>\n<p>&nbsp;<\/p>\n","protected":false},"excerpt":{"rendered":"<p>Organizacja i prowadzenie sesji: Marianna Ciosek, Miros\u0142awa Sajka P\u00f3\u0142 roku temu odesz\u0142a od nas Profesor ANNA SIERPI\u0143SKA (1947-\u00a02023), \u015bwiatowej s\u0142awy&hellip; <\/p>\n","protected":false},"author":3,"featured_media":0,"parent":246,"menu_order":0,"comment_status":"closed","ping_status":"closed","template":"","meta":{"footnotes":""},"class_list":["post-428","page","type-page","status-publish","hentry"],"_links":{"self":[{"href":"https:\/\/mt.uken.krakow.pl\/vi\/wp-json\/wp\/v2\/pages\/428","targetHints":{"allow":["GET"]}}],"collection":[{"href":"https:\/\/mt.uken.krakow.pl\/vi\/wp-json\/wp\/v2\/pages"}],"about":[{"href":"https:\/\/mt.uken.krakow.pl\/vi\/wp-json\/wp\/v2\/types\/page"}],"author":[{"embeddable":true,"href":"https:\/\/mt.uken.krakow.pl\/vi\/wp-json\/wp\/v2\/users\/3"}],"replies":[{"embeddable":true,"href":"https:\/\/mt.uken.krakow.pl\/vi\/wp-json\/wp\/v2\/comments?post=428"}],"version-history":[{"count":3,"href":"https:\/\/mt.uken.krakow.pl\/vi\/wp-json\/wp\/v2\/pages\/428\/revisions"}],"predecessor-version":[{"id":437,"href":"https:\/\/mt.uken.krakow.pl\/vi\/wp-json\/wp\/v2\/pages\/428\/revisions\/437"}],"up":[{"embeddable":true,"href":"https:\/\/mt.uken.krakow.pl\/vi\/wp-json\/wp\/v2\/pages\/246"}],"wp:attachment":[{"href":"https:\/\/mt.uken.krakow.pl\/vi\/wp-json\/wp\/v2\/media?parent=428"}],"curies":[{"name":"wp","href":"https:\/\/api.w.org\/{rel}","templated":true}]}}