{"id":406,"date":"2024-05-07T11:08:32","date_gmt":"2024-05-07T09:08:32","guid":{"rendered":"https:\/\/mt.up.krakow.pl\/vi\/?page_id=406"},"modified":"2024-05-19T13:22:08","modified_gmt":"2024-05-19T11:22:08","slug":"wyklady","status":"publish","type":"page","link":"https:\/\/mt.uken.krakow.pl\/vi\/transgresje-2024-program\/wyklady\/","title":{"rendered":"Wyk\u0142ady plenarne"},"content":{"rendered":"<p><strong>Roman Solecki<\/strong><\/p>\n<p><em>Krakowski Instytut Logoterapii, Uniwersytet Komisji Edukacji Narodowej w Krakowie<\/em><\/p>\n<p><strong>Kondycja psychiczna wsp\u00f3\u0142czesnej szko\u0142y. W poszukiwaniu sensu \u017cycia.<\/strong><\/p>\n<p>Wyk\u0142ad ma na celu ukazanie kondycji psychicznej uczni\u00f3w i nauczycieli w takich obszarach jak depresja, uzale\u017cnienie od Internetu, relacje z rodzicami, poczucie sensu \u017cycia i wypalenie zawodowe. Obecnie wsparcia potrzebuj\u0105 nie tylko uczniowie, ale te\u017c rodzice i nauczyciele, poniewa\u017c wszyscy s\u0105 zagro\u017ceni kryzysem egzystencjalnym i poczuciem bezsensu \u017cycia. Odpowiedzi\u0105 na t\u0119 pustk\u0119 jest logoterapia, trzeci wiede\u0144ski nurt psychoterapii V. E. Frankla, profesora neurologii i psychiatrii, wi\u0119\u017ania oboz\u00f3w koncentracyjnych, kt\u00f3ry nawet w bezsensownych okoliczno\u015bciach widzia\u0142 mo\u017cliwo\u015b\u0107 przyj\u0119cia sensownej postawy.<\/p>\n<p><em><span style=\"color: #000080\">Informacja od Organizator\u00f3w:<\/span><\/em><\/p>\n<p>Uczestnicy konferencji b\u0119d\u0105 mieli mo\u017cliwo\u015b\u0107 nabycia ksi\u0105\u017cek <em>Terapia sensem <\/em>oraz <em>Odkryj sens, zmienisz \u017cycie <\/em>wydawnictwa <a href=\"https:\/\/mando.pl\/ksiazki\/mando-inside-ksiazki-psychologiczne\">MANDO Inside<\/a> w promocyjnych cenach. <a href=\"https:\/\/mt.uken.krakow.pl\/vi\/logoterapia\/\"><span style=\"color: #000080\">https:\/\/mt.uken.krakow.pl\/vi\/logoterapia\/<\/span><\/a><\/p>\n<p>&nbsp;<\/p>\n<p><strong>Jacek Sta\u0144do<\/strong><\/p>\n<p><em>Politechnika \u0141\u00f3dzka<\/em><\/p>\n<p><strong>WCAG-Transgresje w e-zasobach do nauki matematyki i innych przedmiot\u00f3w<\/strong><\/p>\n<p>Zalecenia dost\u0119pno\u015bci\u00a0 e-zasob\u00f3w dla os\u00f3b z niepe\u0142nosprawno\u015bci\u0105 zawarte s\u0105 w wytycznych standardu WCAG 2.1. Szacuje si\u0119, \u017ce 6% ludno\u015bci ma\u00a0problem ze\u00a0s\u0142uchem,\u00a0 3,2% ze\u00a0wzrokiem,\u00a0 a\u00a02,6% jest z\u00a0 niepe\u0142nosprawno\u015bci\u0105\u00a0 intelektualn\u0105. Przekraczanie granic dost\u0119pno\u015bci materia\u0142\u00f3w w internecie dla os\u00f3b z niepe\u0142nosprawno\u015bci\u0105, to ci\u0105gle rozwijaj\u0105cy si\u0119 obszar naukowy. Dost\u0119pno\u015b\u0107 e-zasob\u00f3w obejmuje cztery nast\u0119puj\u0105ce grupy tematyczne:\u00a0Funkcjonalno\u015b\u0107, Kompatybilno\u015b\u0107, Postrzegalno\u015b\u0107, Zrozumia\u0142o\u015b\u0107. Grupy tematyczne zostan\u0105 om\u00f3wione i poparte praktycznymi przyk\u0142adami z matematyki i innych przedmiot\u00f3w.<\/p>\n<p>&nbsp;<\/p>\n<p><strong>Tomasz Szwed<\/strong><\/p>\n<p><em>Akademia Nauk Stosowanych w Raciborzu<\/em><\/p>\n<p><strong>Koncepcja motywacji Pepps\u2019a Mccrea i jej zastosowania w kszta\u0142ceniu matematycznym dzieci i m\u0142odzie\u017cy<\/strong><\/p>\n<p>W moim wyst\u0105pieniu opowiem o kilku istotnych odkryciach w obszarze uwarunkowa\u0144 kszta\u0142cenia matematycznego. Skupi\u0119 si\u0119 na czynnikach wspieraj\u0105cych uczenie si\u0119 uczni\u00f3w oraz zaprezentuj\u0119 praktycznie nieznan\u0105 w Polsce koncepcj\u0119 motywacji Pepps\u2019a Mccrea. Najwi\u0119ksz\u0105 korzy\u015bci\u0105 dla s\u0142uchaczy b\u0119d\u0105 praktyczne wnioski do zastosowania podczas lekcji matematyki. Nauczanie matematyki mo\u017ce by\u0107 niezapomnianym (w sensie prze\u017cycia i trwa\u0142o\u015bci w pami\u0119ci). To jednak zale\u017cy od wiedzy, odwagi i praktycznych umiej\u0119tno\u015bci nauczycieli, wykraczaj\u0105cych transgresyjnie poza dydaktyk\u0119 matematyki.<\/p>\n<p>&nbsp;<\/p>\n<p><strong>Krzysztof Chojecki<\/strong><\/p>\n<p><em>Kurs na edukacj\u0119<\/em><\/p>\n<p><strong>Jak pokocha\u0142em Pi<\/strong><\/p>\n<p>Opowiem o tym:<\/p>\n<ul>\n<li>jak z ucznia maj\u0105cego problemy z matematyk\u0105 sta\u0142em si\u0119 wsp\u00f3\u0142tw\u00f3rc\u0105 matematycznego kana\u0142u YouTube maj\u0105cego ponad 40 milion\u00f3w wy\u015bwietle\u0144,<\/li>\n<li>jak spektrum autyzmu pomaga mi pracowa\u0107 z uczniami neuroatypowymi i utrudnia prac\u0119 z uczniami neurotypowymi,<\/li>\n<li>jak wykorzysta\u0142em w\u0142asne do\u015bwiadczenia uczniowskie do stworzenia w\u0142asnego warsztatu pracy,<\/li>\n<li>jak wykorzystuj\u0119 <em>social media<\/em> do popularyzacji matematyki.<\/li>\n<\/ul>\n","protected":false},"excerpt":{"rendered":"<p>Roman Solecki Krakowski Instytut Logoterapii, Uniwersytet Komisji Edukacji Narodowej w Krakowie Kondycja psychiczna wsp\u00f3\u0142czesnej szko\u0142y. W poszukiwaniu sensu \u017cycia. Wyk\u0142ad&hellip; <\/p>\n","protected":false},"author":3,"featured_media":0,"parent":246,"menu_order":0,"comment_status":"closed","ping_status":"closed","template":"","meta":{"footnotes":""},"class_list":["post-406","page","type-page","status-publish","hentry"],"_links":{"self":[{"href":"https:\/\/mt.uken.krakow.pl\/vi\/wp-json\/wp\/v2\/pages\/406","targetHints":{"allow":["GET"]}}],"collection":[{"href":"https:\/\/mt.uken.krakow.pl\/vi\/wp-json\/wp\/v2\/pages"}],"about":[{"href":"https:\/\/mt.uken.krakow.pl\/vi\/wp-json\/wp\/v2\/types\/page"}],"author":[{"embeddable":true,"href":"https:\/\/mt.uken.krakow.pl\/vi\/wp-json\/wp\/v2\/users\/3"}],"replies":[{"embeddable":true,"href":"https:\/\/mt.uken.krakow.pl\/vi\/wp-json\/wp\/v2\/comments?post=406"}],"version-history":[{"count":10,"href":"https:\/\/mt.uken.krakow.pl\/vi\/wp-json\/wp\/v2\/pages\/406\/revisions"}],"predecessor-version":[{"id":491,"href":"https:\/\/mt.uken.krakow.pl\/vi\/wp-json\/wp\/v2\/pages\/406\/revisions\/491"}],"up":[{"embeddable":true,"href":"https:\/\/mt.uken.krakow.pl\/vi\/wp-json\/wp\/v2\/pages\/246"}],"wp:attachment":[{"href":"https:\/\/mt.uken.krakow.pl\/vi\/wp-json\/wp\/v2\/media?parent=406"}],"curies":[{"name":"wp","href":"https:\/\/api.w.org\/{rel}","templated":true}]}}