{"id":372,"date":"2024-05-06T10:14:05","date_gmt":"2024-05-06T08:14:05","guid":{"rendered":"https:\/\/mt.up.krakow.pl\/vi\/?page_id=372"},"modified":"2024-05-06T12:00:12","modified_gmt":"2024-05-06T10:00:12","slug":"mt-2024-program","status":"publish","type":"page","link":"https:\/\/mt.uken.krakow.pl\/vi\/mt-2024-program\/","title":{"rendered":"MT 2024 program"},"content":{"rendered":"<h3><a href=\"https:\/\/mt.uken.krakow.pl\/vi\/wp-content\/uploads\/sites\/8\/2024\/05\/Mathematical-Transgressions-June-3-4-program.pdf\"><span style=\"color: #0000ff\">Mathematical Transgressions (June 3-4) &#8211; program<\/span><\/a><\/h3>\n<h4><strong>Conference program<\/strong><\/h4>\n<p><strong>June 3, 2024 <\/strong><\/p>\n<table>\n<tbody>\n<tr>\n<td width=\"123\"><strong>9:55 \u2013 10:00<\/strong><\/td>\n<td width=\"575\"><strong>Opening<\/strong><\/td>\n<\/tr>\n<tr>\n<td rowspan=\"2\" width=\"123\"><strong>10:00 \u2013 11:00<\/strong><\/td>\n<td width=\"575\"><span style=\"color: #800080\"><strong>Lecture 1 <\/strong><\/span><\/td>\n<\/tr>\n<tr>\n<td width=\"575\"><span style=\"color: #000080\"><strong>Sabourou Saitoh<\/strong><\/span><\/p>\n<p><em>Emeritus Professor of Gunma University, Japan<\/em><\/p>\n<p><span style=\"color: #000080\"><strong>Division by Zero 1\/0 = 0\/0 = 0 and Division by Zero Calculus; <\/strong><\/span><span style=\"color: #000080\"><strong>Their Basic Properties and Impacts<\/strong><\/span><\/td>\n<\/tr>\n<tr>\n<td rowspan=\"2\" width=\"123\"><strong>12:00 \u2013 13:30<\/strong><\/td>\n<td width=\"575\"><span style=\"color: #800080\"><strong>Session 1<\/strong><\/span><\/td>\n<\/tr>\n<tr>\n<td width=\"575\"><span style=\"color: #000080\"><strong>Katalin Munkacsy<\/strong><\/span><\/p>\n<p><em>E\u00f6tv\u00f6s Lor\u00e1nd University, Hungary<\/em><\/p>\n<p><span style=\"color: #000080\"><strong>Kelecs\u00e9nyi Kl\u00e1ra<\/strong><\/span><\/p>\n<p><em>University Neumann J\u00e1nos, Hungary<\/em><\/p>\n<p><strong>Teaching analysis in secondary schools and in non-mathematical higher education<\/strong><\/p>\n<p>&nbsp;<\/p>\n<p><strong><span style=\"color: #000080\">M\u00f3nica Arnal-Palaci\u00e1n<\/span> <\/strong><\/p>\n<p><em>University of Zaragoza, Spain<\/em><\/p>\n<p><strong>Identification of the mathematical elements involved in the answer on the infinite limit of a sequence by prospective teachers<\/strong><\/p>\n<p><strong>\u00a0<\/strong><\/p>\n<p><strong><span style=\"color: #000080\">Barbara Bara\u0144ska<\/span> <\/strong><\/p>\n<p><em>University of the National Education Commission, Poland<\/em><\/p>\n<p><strong>The equation of a tangent line<\/strong><\/td>\n<\/tr>\n<tr>\n<td rowspan=\"2\" width=\"123\"><strong>15:30 \u2013 17:00<\/strong><\/td>\n<td width=\"575\"><span style=\"color: #800080\"><strong>Session 2<\/strong><\/span><\/td>\n<\/tr>\n<tr>\n<td width=\"575\"><strong>\u00a0<\/strong><span style=\"color: #000080\"><strong>Mateusz Tofilski<\/strong><\/span><\/p>\n<p><em>Szko\u0142a w Chmurze, University of Silesia in Katowice<\/em><\/p>\n<p><strong>Development of Mathematical Skills in Self-Directed Learning and Homeschooling &#8211; Analysis of Educational Tools in Szko\u0142a w Chmurze<\/strong><\/p>\n<p>&nbsp;<\/p>\n<p><span style=\"color: #000080\"><strong>Deepika Bansal, Venkateswaran <\/strong><strong>Thathamangalam Viswanathan<\/strong><\/span><\/p>\n<p><em>Indian Institute of Science Education and Research Mohali, India<\/em><\/p>\n<p><strong>Points of intersections in middle school science and mathematics in Indian curriculum \u2013 identifying opportunities for integrated teaching learning<\/strong><\/p>\n<p>&nbsp;<\/p>\n<p><strong><span style=\"color: #000080\">Jessica Lins de Souza Fernandes<\/span> \u00a0\u00a0\u00a0\u00a0\u00a0\u00a0\u00a0\u00a0\u00a0\u00a0 <\/strong><\/p>\n<p><em>Federal University of Santa Catarina, Brazil<\/em><\/p>\n<p><strong>Lives in the Philosophy: Samba Schools\u2019 parades as an Ethno-Mathema-Tics<\/strong><\/td>\n<\/tr>\n<tr>\n<td rowspan=\"2\" width=\"123\"><strong>18:00 \u2013 19:00<\/strong><\/td>\n<td width=\"575\"><span style=\"color: #800080\"><strong>Lecture 2<\/strong><\/span><\/td>\n<\/tr>\n<tr>\n<td width=\"575\"><span style=\"color: #000080\"><strong>Norman Wildberger<\/strong><\/span><\/p>\n<p><em>University of New South Wales, Sydney, Australia<\/em><\/p>\n<p><strong>Towards a logical rational arithmetic as a foundation for maths education and research<\/strong><\/td>\n<\/tr>\n<tr>\n<td rowspan=\"2\" width=\"123\"><strong>19:00 \u2013 19:30<\/strong><\/td>\n<td width=\"575\"><span style=\"color: #800080\"><strong>Session 3<\/strong><\/span><\/td>\n<\/tr>\n<tr>\n<td width=\"575\"><span style=\"color: #000080\"><strong>\u0141ucja Farnik<\/strong><\/span><\/p>\n<p><em>University of the National Education Commission, Poland<\/em><\/p>\n<p><strong>Selected manifestations of Lakatos\u2019 quasi-empiricism <\/strong><strong>in contemporary algebraic geometry<\/strong><\/td>\n<\/tr>\n<\/tbody>\n<\/table>\n<p><strong>June 4, 2024<\/strong><\/p>\n<table>\n<tbody>\n<tr>\n<td width=\"123\"><strong>10:00 \u2013 12:00<\/strong><\/td>\n<td width=\"575\"><strong><span style=\"color: #800080\">Session 4<\/span> <\/strong><\/td>\n<\/tr>\n<tr>\n<td width=\"123\"><strong>\u00a0<\/strong><\/td>\n<td width=\"575\"><strong>\u00a0<\/strong><span style=\"color: #000080\"><strong>Eva Ulbrich<\/strong><\/span><sup>1<\/sup>, <span style=\"color: #000080\"><strong>Mathias Tejera<\/strong><\/span><sup>1<\/sup>, <span style=\"color: #000080\"><strong>Angelika Schmid<\/strong><\/span><sup>2<\/sup>, <span style=\"color: #000080\"><strong>Zsolt Lavicza<\/strong><\/span><sup>1<\/sup><\/p>\n<p><sup>1 <\/sup><em>School of Education, Johannes Kepler University, Linz, Austria<\/em><\/p>\n<p><sup>2 <\/sup><em>University of Ostrava, Czech Republic<\/em><\/p>\n<p><strong>From STEM to STEAM: mathematics teachers creating 3DMP projects for their lessons<\/strong><\/p>\n<p>&nbsp;<\/p>\n<p><span style=\"color: #000080\"><strong>Cecilia Russo, Zsolt Lavicza<\/strong><\/span><\/p>\n<p><em>Johannes Kepler University, Austria<\/em><\/p>\n<p><strong>Fostering Motivation and Transparent Assessment: Integrating Game Elements in Education<\/strong><\/p>\n<p>&nbsp;<\/p>\n<p><span style=\"color: #000080\"><strong>Guillermo Bautista, Jr., Abigail Gonzales, Theodosia Prodromou, Zsolt\u00a0Lavicza, Markus Hohenwarter<\/strong><\/span><\/p>\n<p><em>Johannes Kepler University, Austria<\/em><\/p>\n<p><strong>Student Strategies in Function Art: Exploring Interdisciplinary Approaches<\/strong><\/p>\n<p>&nbsp;<\/p>\n<p><span style=\"color: #000080\"><strong>Filiz Mumcu, David Hornsby, Zsolt Lavicza, Chronis Kynigos<\/strong><\/span><\/p>\n<p><em>Johannes Kepler University, Austria<\/em><\/p>\n<p><strong>Enhancing STEM Education through the Fusion of Computational Thinking and Computer Science Education<\/strong><\/td>\n<\/tr>\n<tr>\n<td width=\"123\"><strong>15:00 \u2013 16:00<\/strong><\/td>\n<td width=\"575\"><span style=\"color: #800080\"><strong>Lecture 3<\/strong><\/span><\/td>\n<\/tr>\n<tr>\n<td width=\"123\"><strong>\u00a0<\/strong><\/td>\n<td width=\"575\"><span style=\"color: #000080\"><strong>Zsolt Lavicza<\/strong><\/span><\/p>\n<p><em>Johannes Kepler University, Austria<\/em><\/p>\n<p><span style=\"color: #000080\"><strong>Inspiring teachers\u2019 classroom innovations through the integration of Augmented\/Virtual Reality and 3D printing \u00a0into their practices<\/strong><\/span><\/td>\n<\/tr>\n<tr>\n<td width=\"123\"><strong>16:00 \u2013 17:00<\/strong><\/td>\n<td width=\"575\"><span style=\"color: #800080\"><strong>Lecture 4<\/strong><\/span><\/td>\n<\/tr>\n<tr>\n<td width=\"123\"><strong>\u00a0<\/strong><\/td>\n<td width=\"575\"><span style=\"color: #000080\"><strong>James Tanton<\/strong><\/span><\/p>\n<p><em>Mathematical Association of America in Washington D.C.<\/em><\/p>\n<p><strong><span style=\"color: #000080\">The astounding visual story of place value: from base 10 to base x<\/span> <\/strong><\/td>\n<\/tr>\n<tr>\n<td width=\"123\"><strong>18:00 \u2013 20:00<\/strong><\/td>\n<td width=\"575\"><span style=\"color: #800080\"><strong>Session 5<\/strong><\/span><\/td>\n<\/tr>\n<tr>\n<td width=\"123\"><strong>\u00a0<\/strong><\/td>\n<td width=\"575\"><span style=\"color: #000080\"><strong>Tamara D\u00edaz-Chang\u00a0\u00a0\u00a0\u00a0\u00a0\u00a0\u00a0\u00a0\u00a0\u00a0 <\/strong><\/span><\/p>\n<p><em>Universidad Austral de Chile, Chile<\/em><\/p>\n<p><strong>Metacognitive strategies as cognitive transgressions in the learning process <\/strong><strong>of certain mathematical concepts al the university level<\/strong><\/p>\n<p>&nbsp;<\/p>\n<p><strong><span style=\"color: #000080\">\u00c1ngel Homero Flores Samaniego\u00a0\u00a0<\/span>\u00a0\u00a0\u00a0\u00a0\u00a0\u00a0\u00a0\u00a0 <\/strong><\/p>\n<p><em>Universidad Nacional Aut\u00f3noma de M\u00e9xico<\/em><\/p>\n<p><strong>Neuroscience and didactics: a dialogue in construction?<\/strong><\/p>\n<p>&nbsp;<\/p>\n<p><span style=\"color: #000080\"><strong>Jean-Fran\u00e7ois Maheux<\/strong><\/span><\/p>\n<p><em>Universit\u00e9 du Qu\u00e9bec \u00e0 Montr\u00e9al, Canada<\/em><\/p>\n<p><strong>Exploring the Transgressive Organics of Mathematical Traces<\/strong><\/p>\n<p>&nbsp;<\/p>\n<p><span style=\"color: #000080\"><strong>Jean-Fran\u00e7ois Maheux<\/strong><\/span><\/p>\n<p><em>Universit\u00e9 du Qu\u00e9bec \u00e0 Montr\u00e9al, Canada<\/em><\/p>\n<p><span style=\"color: #000080\"><strong>Simon Th\u00e9berge<\/strong><\/span><\/p>\n<p><em>Universit\u00e9 du Qu\u00e9bec en Abitibi-T\u00e9miscamingue, Canada<\/em><\/p>\n<p><strong>Exploring Connections Between Philosophy for Children and Relationships to Mathematical Knowledges in Educational Practice<\/strong><\/td>\n<\/tr>\n<tr>\n<td width=\"123\"><strong>20:00 \u2013 20:10<\/strong><\/td>\n<td width=\"575\"><strong>Closing<\/strong><\/td>\n<\/tr>\n<\/tbody>\n<\/table>\n<p><strong>Important notes:<\/strong><\/p>\n<ul>\n<li>Speech times are given in Polish time (CEST).<\/li>\n<li>Each session presentation is given 30 minutes at the speakers&#8217; disposal (including time for questions).<\/li>\n<li>All lectures and presentations will be delivered online.<\/li>\n<li>A link that allows participation in the conference will be sent to all registered participants at the end of May.<\/li>\n<li>Since the conference is attended by people living in different time zones, <strong>each talk will be recorded<\/strong>, and participants will receive one-week access to all recordings.<\/li>\n<\/ul>\n","protected":false},"excerpt":{"rendered":"<p>Mathematical Transgressions (June 3-4) &#8211; program Conference program June 3, 2024 9:55 \u2013 10:00 Opening 10:00 \u2013 11:00 Lecture 1&hellip; <\/p>\n","protected":false},"author":3,"featured_media":0,"parent":0,"menu_order":0,"comment_status":"closed","ping_status":"closed","template":"","meta":{"footnotes":""},"class_list":["post-372","page","type-page","status-publish","hentry"],"_links":{"self":[{"href":"https:\/\/mt.uken.krakow.pl\/vi\/wp-json\/wp\/v2\/pages\/372","targetHints":{"allow":["GET"]}}],"collection":[{"href":"https:\/\/mt.uken.krakow.pl\/vi\/wp-json\/wp\/v2\/pages"}],"about":[{"href":"https:\/\/mt.uken.krakow.pl\/vi\/wp-json\/wp\/v2\/types\/page"}],"author":[{"embeddable":true,"href":"https:\/\/mt.uken.krakow.pl\/vi\/wp-json\/wp\/v2\/users\/3"}],"replies":[{"embeddable":true,"href":"https:\/\/mt.uken.krakow.pl\/vi\/wp-json\/wp\/v2\/comments?post=372"}],"version-history":[{"count":8,"href":"https:\/\/mt.uken.krakow.pl\/vi\/wp-json\/wp\/v2\/pages\/372\/revisions"}],"predecessor-version":[{"id":399,"href":"https:\/\/mt.uken.krakow.pl\/vi\/wp-json\/wp\/v2\/pages\/372\/revisions\/399"}],"wp:attachment":[{"href":"https:\/\/mt.uken.krakow.pl\/vi\/wp-json\/wp\/v2\/media?parent=372"}],"curies":[{"name":"wp","href":"https:\/\/api.w.org\/{rel}","templated":true}]}}