{"id":347,"date":"2024-04-08T12:36:28","date_gmt":"2024-04-08T10:36:28","guid":{"rendered":"https:\/\/mt.up.krakow.pl\/vi\/?page_id=347"},"modified":"2024-05-19T12:24:16","modified_gmt":"2024-05-19T10:24:16","slug":"noclegi","status":"publish","type":"page","link":"https:\/\/mt.uken.krakow.pl\/vi\/rejestracja\/noclegi\/","title":{"rendered":"Noclegi"},"content":{"rendered":"<div>Organizatorzy konferencji <strong>nie<\/strong> zapewniaj\u0105 noclegu uczestnikom wydarzenia (op\u0142ata konferencyjna <strong>nie<\/strong> obejmuje noclegu).<\/div>\n<div>Prosimy Pa\u0144stwa o rezerwacj\u0119 noclegu we w\u0142asnym zakresie i wed\u0142ug w\u0142asnych preferencji.<\/div>\n<div><\/div>\n<div class=\"x_elementToProof\">Uczestnicy naszych konferencji cz\u0119sto wybieraj\u0105 <a href=\"https:\/\/ach.uken.krakow.pl\/cennik\/\">Hotel Krakowiak<\/a> (ul. Armii Krajowej 9-9A)<\/div>\n<div>lub <a href=\"https:\/\/all.accor.com\/hotel\/3407\/index.pl.shtml\">Hotel Novotel<\/a> (<span class=\"LrzXr\">Armii Krajowej 11<\/span>).<\/div>\n<div>Warto rozwa\u017cy\u0107 te\u017c nocleg w pobli\u017cu trasy: UKEN (Podchor\u0105\u017cych 2) &#8211; ul. Kr\u00f3lewska &#8211; ul. Karmelicka.<\/div>\n<div>Ta lokalizacja gwarantuje bardzo dobre po\u0142\u0105czenie komunikacyjne z UKEN, a jednocze\u015bnie pozwoli Pa\u0144stwu by\u0107 blisko Starego Miasta, kt\u00f3re &#8211; szczeg\u00f3lnie o tej porze roku &#8211; oferuje wiele atrakcji wieczorami. \ud83d\ude42<\/div>\n<div><\/div>\n","protected":false},"excerpt":{"rendered":"<p>Organizatorzy konferencji nie zapewniaj\u0105 noclegu uczestnikom wydarzenia (op\u0142ata konferencyjna nie obejmuje noclegu). Prosimy Pa\u0144stwa o rezerwacj\u0119 noclegu we w\u0142asnym zakresie&hellip; <\/p>\n","protected":false},"author":3,"featured_media":0,"parent":207,"menu_order":0,"comment_status":"closed","ping_status":"closed","template":"","meta":{"footnotes":""},"class_list":["post-347","page","type-page","status-publish","hentry"],"_links":{"self":[{"href":"https:\/\/mt.uken.krakow.pl\/vi\/wp-json\/wp\/v2\/pages\/347","targetHints":{"allow":["GET"]}}],"collection":[{"href":"https:\/\/mt.uken.krakow.pl\/vi\/wp-json\/wp\/v2\/pages"}],"about":[{"href":"https:\/\/mt.uken.krakow.pl\/vi\/wp-json\/wp\/v2\/types\/page"}],"author":[{"embeddable":true,"href":"https:\/\/mt.uken.krakow.pl\/vi\/wp-json\/wp\/v2\/users\/3"}],"replies":[{"embeddable":true,"href":"https:\/\/mt.uken.krakow.pl\/vi\/wp-json\/wp\/v2\/comments?post=347"}],"version-history":[{"count":2,"href":"https:\/\/mt.uken.krakow.pl\/vi\/wp-json\/wp\/v2\/pages\/347\/revisions"}],"predecessor-version":[{"id":468,"href":"https:\/\/mt.uken.krakow.pl\/vi\/wp-json\/wp\/v2\/pages\/347\/revisions\/468"}],"up":[{"embeddable":true,"href":"https:\/\/mt.uken.krakow.pl\/vi\/wp-json\/wp\/v2\/pages\/207"}],"wp:attachment":[{"href":"https:\/\/mt.uken.krakow.pl\/vi\/wp-json\/wp\/v2\/media?parent=347"}],"curies":[{"name":"wp","href":"https:\/\/api.w.org\/{rel}","templated":true}]}}