{"id":305,"date":"2024-03-01T14:35:08","date_gmt":"2024-03-01T13:35:08","guid":{"rendered":"https:\/\/mt.up.krakow.pl\/vi\/?page_id=305"},"modified":"2024-05-21T16:39:46","modified_gmt":"2024-05-21T14:39:46","slug":"partnerzy","status":"publish","type":"page","link":"https:\/\/mt.uken.krakow.pl\/vi\/partnerzy\/","title":{"rendered":"Partnerzy"},"content":{"rendered":"<p><strong>Politechnika \u0141\u00f3dzka<\/strong><\/p>\n<p><img loading=\"lazy\" decoding=\"async\" class=\"alignnone size-medium wp-image-309\" src=\"https:\/\/mt.uken.krakow.pl\/vi\/wp-content\/uploads\/sites\/8\/2024\/03\/politechnika-projekt-2-300x86.jpg\" alt=\"\" width=\"300\" height=\"86\" srcset=\"https:\/\/mt.uken.krakow.pl\/vi\/wp-content\/uploads\/sites\/8\/2024\/03\/politechnika-projekt-2-300x86.jpg 300w, https:\/\/mt.uken.krakow.pl\/vi\/wp-content\/uploads\/sites\/8\/2024\/03\/politechnika-projekt-2.jpg 445w\" sizes=\"auto, (max-width: 300px) 100vw, 300px\" \/><\/p>\n<p><strong>Oficyna Edukacyjna Krzysztof Pazdro<\/strong><\/p>\n<p><img loading=\"lazy\" decoding=\"async\" class=\"alignnone size-full wp-image-355\" src=\"https:\/\/mt.uken.krakow.pl\/vi\/wp-content\/uploads\/sites\/8\/2024\/04\/pazdro.jpg\" alt=\"\" width=\"281\" height=\"91\" \/><\/p>\n<p><strong>Gda\u0144skie Wydawnictwo O\u015bwiatowe<\/strong><\/p>\n<p><img loading=\"lazy\" decoding=\"async\" class=\"alignnone size-medium wp-image-310\" src=\"https:\/\/mt.uken.krakow.pl\/vi\/wp-content\/uploads\/sites\/8\/2024\/03\/logo-gwo-300x136.png\" alt=\"\" width=\"300\" height=\"136\" srcset=\"https:\/\/mt.uken.krakow.pl\/vi\/wp-content\/uploads\/sites\/8\/2024\/03\/logo-gwo-300x136.png 300w, https:\/\/mt.uken.krakow.pl\/vi\/wp-content\/uploads\/sites\/8\/2024\/03\/logo-gwo-1024x464.png 1024w, https:\/\/mt.uken.krakow.pl\/vi\/wp-content\/uploads\/sites\/8\/2024\/03\/logo-gwo-768x348.png 768w, https:\/\/mt.uken.krakow.pl\/vi\/wp-content\/uploads\/sites\/8\/2024\/03\/logo-gwo.png 1257w\" sizes=\"auto, (max-width: 300px) 100vw, 300px\" \/><\/p>\n<p><strong>Wydawnictwo Mando<\/strong><\/p>\n<p><a href=\"https:\/\/mt.uken.krakow.pl\/vi\/wp-content\/uploads\/sites\/8\/2024\/05\/mando.jpg\"><img loading=\"lazy\" decoding=\"async\" class=\"alignnone wp-image-462\" src=\"https:\/\/mt.uken.krakow.pl\/vi\/wp-content\/uploads\/sites\/8\/2024\/05\/mando.jpg\" alt=\"\" width=\"297\" height=\"122\" srcset=\"https:\/\/mt.uken.krakow.pl\/vi\/wp-content\/uploads\/sites\/8\/2024\/05\/mando.jpg 431w, https:\/\/mt.uken.krakow.pl\/vi\/wp-content\/uploads\/sites\/8\/2024\/05\/mando-300x123.jpg 300w\" sizes=\"auto, (max-width: 297px) 100vw, 297px\" \/><\/a><\/p>\n<p><strong>Firma Gatis<\/strong><\/p>\n<p><a href=\"https:\/\/mt.uken.krakow.pl\/vi\/wp-content\/uploads\/sites\/8\/2024\/05\/gatis.jpg\"><img loading=\"lazy\" decoding=\"async\" class=\"alignnone size-full wp-image-498\" src=\"https:\/\/mt.uken.krakow.pl\/vi\/wp-content\/uploads\/sites\/8\/2024\/05\/gatis.jpg\" alt=\"\" width=\"180\" height=\"124\" \/><\/a><\/p>\n<p><strong>Firma Elitmat<\/strong><\/p>\n<p><a href=\"https:\/\/mt.uken.krakow.pl\/vi\/wp-content\/uploads\/sites\/8\/2024\/05\/elitmat.jpg\"><img loading=\"lazy\" decoding=\"async\" class=\"alignnone  wp-image-499\" src=\"https:\/\/mt.uken.krakow.pl\/vi\/wp-content\/uploads\/sites\/8\/2024\/05\/elitmat.jpg\" alt=\"\" width=\"323\" height=\"68\" srcset=\"https:\/\/mt.uken.krakow.pl\/vi\/wp-content\/uploads\/sites\/8\/2024\/05\/elitmat.jpg 488w, https:\/\/mt.uken.krakow.pl\/vi\/wp-content\/uploads\/sites\/8\/2024\/05\/elitmat-300x63.jpg 300w\" sizes=\"auto, (max-width: 323px) 100vw, 323px\" \/><\/a><\/p>\n","protected":false},"excerpt":{"rendered":"<p>Politechnika \u0141\u00f3dzka Oficyna Edukacyjna Krzysztof Pazdro Gda\u0144skie Wydawnictwo O\u015bwiatowe Wydawnictwo Mando Firma Gatis Firma Elitmat<\/p>\n","protected":false},"author":3,"featured_media":0,"parent":0,"menu_order":0,"comment_status":"closed","ping_status":"closed","template":"","meta":{"footnotes":""},"class_list":["post-305","page","type-page","status-publish","hentry"],"_links":{"self":[{"href":"https:\/\/mt.uken.krakow.pl\/vi\/wp-json\/wp\/v2\/pages\/305","targetHints":{"allow":["GET"]}}],"collection":[{"href":"https:\/\/mt.uken.krakow.pl\/vi\/wp-json\/wp\/v2\/pages"}],"about":[{"href":"https:\/\/mt.uken.krakow.pl\/vi\/wp-json\/wp\/v2\/types\/page"}],"author":[{"embeddable":true,"href":"https:\/\/mt.uken.krakow.pl\/vi\/wp-json\/wp\/v2\/users\/3"}],"replies":[{"embeddable":true,"href":"https:\/\/mt.uken.krakow.pl\/vi\/wp-json\/wp\/v2\/comments?post=305"}],"version-history":[{"count":7,"href":"https:\/\/mt.uken.krakow.pl\/vi\/wp-json\/wp\/v2\/pages\/305\/revisions"}],"predecessor-version":[{"id":500,"href":"https:\/\/mt.uken.krakow.pl\/vi\/wp-json\/wp\/v2\/pages\/305\/revisions\/500"}],"wp:attachment":[{"href":"https:\/\/mt.uken.krakow.pl\/vi\/wp-json\/wp\/v2\/media?parent=305"}],"curies":[{"name":"wp","href":"https:\/\/api.w.org\/{rel}","templated":true}]}}