{"id":215,"date":"2024-02-20T22:42:00","date_gmt":"2024-02-20T21:42:00","guid":{"rendered":"https:\/\/mt.up.krakow.pl\/vi\/?page_id=215"},"modified":"2024-03-01T20:48:18","modified_gmt":"2024-03-01T19:48:18","slug":"oplata-konferencyjna","status":"publish","type":"page","link":"https:\/\/mt.uken.krakow.pl\/vi\/oplata-konferencyjna\/","title":{"rendered":"Op\u0142ata konferencyjna"},"content":{"rendered":"<p>Op\u0142ata konferencyjna dla uczestnik\u00f3w z Polski wynosi <strong>350 z\u0142<\/strong> i obejmuje:<\/p>\n<ul>\n<li>udzia\u0142 w konferencji w dniach 5-6 czerwca (zaj\u0119cia w budynku UKEN w Krakowie),<\/li>\n<li>przerwy kawowe i obiadowe,<\/li>\n<li>materia\u0142y konferencyjne.<\/li>\n<\/ul>\n<p>Osoby bior\u0105ce udzia\u0142 w cz\u0119\u015bci stacjonarnej konferencji otrzymaj\u0105 gratis dost\u0119p do cz\u0119\u015bci mi\u0119dzynarodowej, kt\u00f3ra odb\u0119dzie si\u0119 on-line w dniach 3-4 czerwca.<\/p>\n<p>Istnieje mo\u017cliwo\u015b\u0107 udzia\u0142u <strong>w samej cz\u0119\u015bci zdalnej<\/strong> &#8211; op\u0142ata dla uczestnik\u00f3w z Polski wynosi <strong>50 PLN<\/strong>.<\/p>\n<p>Dane do przelewu op\u0142aty za udzia\u0142 w konferencji:<\/p>\n<table style=\"height: 391px\" width=\"849\">\n<tbody>\n<tr>\n<td>Odbiorca<\/td>\n<td>Uniwersytet Komisji Edukacji Narodowej w Krakowie<\/td>\n<\/tr>\n<tr>\n<td>Adres odbiorcy<\/td>\n<td>ul. Podchor\u0105\u017cych 2, 30-084 Krak\u00f3w<\/td>\n<\/tr>\n<tr>\n<td>Nazwa banku<\/td>\n<td>Bank Pekao S.A. Oddzia\u0142 w Krakowie<\/td>\n<\/tr>\n<tr>\n<td>Numer konta dla przelew\u00f3w z Polski<\/td>\n<td>PEKAO S.A. 40 1240 6292 1111 0011 2338 2293<\/td>\n<\/tr>\n<tr>\n<td>Tytu\u0142 przelewu<\/td>\n<td><strong>DK \u2013 59, Imi\u0119 i nazwisko uczestnika, Transgresje Matematyczne<\/strong><\/td>\n<\/tr>\n<\/tbody>\n<\/table>\n<p><strong>Faktury<\/strong><\/p>\n<p>Je\u017celi chc\u0105 Pa\u0144stwo otrzyma\u0107 faktur\u0119 pro-forma\/przelewow\u0105, prosimy o przes\u0142anie pro\u015bby o tak\u0105 faktur\u0119 na adres <strong>barbara.baranska@up.krakow.pl<\/strong> W mailu nale\u017cy poda\u0107 wszystkie dane niezb\u0119dne do wystawienia faktury oraz wysoko\u015b\u0107 Pa\u0144stwa op\u0142aty konferencyjnej.<\/p>\n","protected":false},"excerpt":{"rendered":"<p>Op\u0142ata konferencyjna dla uczestnik\u00f3w z Polski wynosi 350 z\u0142 i obejmuje: udzia\u0142 w konferencji w dniach 5-6 czerwca (zaj\u0119cia w&hellip; <\/p>\n","protected":false},"author":3,"featured_media":0,"parent":0,"menu_order":0,"comment_status":"closed","ping_status":"closed","template":"","meta":{"footnotes":""},"class_list":["post-215","page","type-page","status-publish","hentry"],"_links":{"self":[{"href":"https:\/\/mt.uken.krakow.pl\/vi\/wp-json\/wp\/v2\/pages\/215","targetHints":{"allow":["GET"]}}],"collection":[{"href":"https:\/\/mt.uken.krakow.pl\/vi\/wp-json\/wp\/v2\/pages"}],"about":[{"href":"https:\/\/mt.uken.krakow.pl\/vi\/wp-json\/wp\/v2\/types\/page"}],"author":[{"embeddable":true,"href":"https:\/\/mt.uken.krakow.pl\/vi\/wp-json\/wp\/v2\/users\/3"}],"replies":[{"embeddable":true,"href":"https:\/\/mt.uken.krakow.pl\/vi\/wp-json\/wp\/v2\/comments?post=215"}],"version-history":[{"count":10,"href":"https:\/\/mt.uken.krakow.pl\/vi\/wp-json\/wp\/v2\/pages\/215\/revisions"}],"predecessor-version":[{"id":319,"href":"https:\/\/mt.uken.krakow.pl\/vi\/wp-json\/wp\/v2\/pages\/215\/revisions\/319"}],"wp:attachment":[{"href":"https:\/\/mt.uken.krakow.pl\/vi\/wp-json\/wp\/v2\/media?parent=215"}],"curies":[{"name":"wp","href":"https:\/\/api.w.org\/{rel}","templated":true}]}}