{"id":213,"date":"2024-02-20T22:41:24","date_gmt":"2024-02-20T21:41:24","guid":{"rendered":"https:\/\/mt.up.krakow.pl\/vi\/?page_id=213"},"modified":"2024-05-19T12:23:31","modified_gmt":"2024-05-19T10:23:31","slug":"terminy","status":"publish","type":"page","link":"https:\/\/mt.uken.krakow.pl\/vi\/terminy\/","title":{"rendered":"Terminy"},"content":{"rendered":"<div class=\"entry-content clearfix\">\n<p><em><strong>Transgresje Matematyczne<\/strong><\/em> <strong>5-6 czerwca 2024<\/strong><\/p>\n<p>Wa\u017cne terminy:<\/p>\n<p><strong>Op\u0142ata za udzia\u0142 w konferencji:<\/strong> <strong>do 24 maja 2024<\/strong><\/p>\n<\/div>\n","protected":false},"excerpt":{"rendered":"<p>Transgresje Matematyczne 5-6 czerwca 2024 Wa\u017cne terminy: Op\u0142ata za udzia\u0142 w konferencji: do 24 maja 2024<\/p>\n","protected":false},"author":3,"featured_media":0,"parent":0,"menu_order":0,"comment_status":"closed","ping_status":"closed","template":"","meta":{"footnotes":""},"class_list":["post-213","page","type-page","status-publish","hentry"],"_links":{"self":[{"href":"https:\/\/mt.uken.krakow.pl\/vi\/wp-json\/wp\/v2\/pages\/213","targetHints":{"allow":["GET"]}}],"collection":[{"href":"https:\/\/mt.uken.krakow.pl\/vi\/wp-json\/wp\/v2\/pages"}],"about":[{"href":"https:\/\/mt.uken.krakow.pl\/vi\/wp-json\/wp\/v2\/types\/page"}],"author":[{"embeddable":true,"href":"https:\/\/mt.uken.krakow.pl\/vi\/wp-json\/wp\/v2\/users\/3"}],"replies":[{"embeddable":true,"href":"https:\/\/mt.uken.krakow.pl\/vi\/wp-json\/wp\/v2\/comments?post=213"}],"version-history":[{"count":16,"href":"https:\/\/mt.uken.krakow.pl\/vi\/wp-json\/wp\/v2\/pages\/213\/revisions"}],"predecessor-version":[{"id":467,"href":"https:\/\/mt.uken.krakow.pl\/vi\/wp-json\/wp\/v2\/pages\/213\/revisions\/467"}],"wp:attachment":[{"href":"https:\/\/mt.uken.krakow.pl\/vi\/wp-json\/wp\/v2\/media?parent=213"}],"curies":[{"name":"wp","href":"https:\/\/api.w.org\/{rel}","templated":true}]}}