{"id":209,"date":"2024-02-20T22:33:06","date_gmt":"2024-02-20T21:33:06","guid":{"rendered":"https:\/\/mt.up.krakow.pl\/vi\/?page_id=209"},"modified":"2024-02-21T00:30:34","modified_gmt":"2024-02-20T23:30:34","slug":"publikacja","status":"publish","type":"page","link":"https:\/\/mt.uken.krakow.pl\/vi\/publikacja\/","title":{"rendered":"Publikacja"},"content":{"rendered":"<p>Wszyscy uczestnicy wyst\u0119puj\u0105cy podczas konferencji s\u0105 zaproszeni do nadsy\u0142ania swoich artyku\u0142\u00f3w do czasopisma <a href=\"https:\/\/didacticammath.up.krakow.pl\/\"><strong>Annales Universitatis Paedagogicae Cracoviensis. Studia Ad Didacticam Mathematicae Pertinentia<\/strong><\/a><\/p>\n<p>Prosimy o bezpo\u015bredni kontakt z redakcj\u0105.<\/p>\n","protected":false},"excerpt":{"rendered":"<p>Wszyscy uczestnicy wyst\u0119puj\u0105cy podczas konferencji s\u0105 zaproszeni do nadsy\u0142ania swoich artyku\u0142\u00f3w do czasopisma Annales Universitatis Paedagogicae Cracoviensis. Studia Ad Didacticam&hellip; <\/p>\n","protected":false},"author":3,"featured_media":0,"parent":0,"menu_order":0,"comment_status":"closed","ping_status":"closed","template":"","meta":{"footnotes":""},"class_list":["post-209","page","type-page","status-publish","hentry"],"_links":{"self":[{"href":"https:\/\/mt.uken.krakow.pl\/vi\/wp-json\/wp\/v2\/pages\/209","targetHints":{"allow":["GET"]}}],"collection":[{"href":"https:\/\/mt.uken.krakow.pl\/vi\/wp-json\/wp\/v2\/pages"}],"about":[{"href":"https:\/\/mt.uken.krakow.pl\/vi\/wp-json\/wp\/v2\/types\/page"}],"author":[{"embeddable":true,"href":"https:\/\/mt.uken.krakow.pl\/vi\/wp-json\/wp\/v2\/users\/3"}],"replies":[{"embeddable":true,"href":"https:\/\/mt.uken.krakow.pl\/vi\/wp-json\/wp\/v2\/comments?post=209"}],"version-history":[{"count":3,"href":"https:\/\/mt.uken.krakow.pl\/vi\/wp-json\/wp\/v2\/pages\/209\/revisions"}],"predecessor-version":[{"id":245,"href":"https:\/\/mt.uken.krakow.pl\/vi\/wp-json\/wp\/v2\/pages\/209\/revisions\/245"}],"wp:attachment":[{"href":"https:\/\/mt.uken.krakow.pl\/vi\/wp-json\/wp\/v2\/media?parent=209"}],"curies":[{"name":"wp","href":"https:\/\/api.w.org\/{rel}","templated":true}]}}