{"id":207,"date":"2024-02-20T22:29:44","date_gmt":"2024-02-20T21:29:44","guid":{"rendered":"https:\/\/mt.up.krakow.pl\/vi\/?page_id=207"},"modified":"2024-05-19T12:22:53","modified_gmt":"2024-05-19T10:22:53","slug":"rejestracja","status":"publish","type":"page","link":"https:\/\/mt.uken.krakow.pl\/vi\/rejestracja\/","title":{"rendered":"Rejestracja"},"content":{"rendered":"<p><em><strong>Transgresje Matematyczne<\/strong><\/em> <strong>5-6 czerwca 2024<\/strong><\/p>\n<p>Wa\u017cne terminy:<\/p>\n<p>Zg\u0142aszanie abstrakt\u00f3w: ZAKO\u0143CZONE<br \/>\nRejestracja uczestnik\u00f3w bez referatu: ZAKO\u0143CZONA<br \/>\n<strong>Op\u0142ata za udzia\u0142 w konferencji:<\/strong> <span style=\"color: #ff0000\"><strong>do 24 maja 2024<\/strong><\/span><\/p>\n","protected":false},"excerpt":{"rendered":"<p>Transgresje Matematyczne 5-6 czerwca 2024 Wa\u017cne terminy: Zg\u0142aszanie abstrakt\u00f3w: ZAKO\u0143CZONE Rejestracja uczestnik\u00f3w bez referatu: ZAKO\u0143CZONA Op\u0142ata za udzia\u0142 w konferencji:&hellip; <\/p>\n","protected":false},"author":3,"featured_media":0,"parent":0,"menu_order":0,"comment_status":"closed","ping_status":"closed","template":"","meta":{"footnotes":""},"class_list":["post-207","page","type-page","status-publish","hentry"],"_links":{"self":[{"href":"https:\/\/mt.uken.krakow.pl\/vi\/wp-json\/wp\/v2\/pages\/207","targetHints":{"allow":["GET"]}}],"collection":[{"href":"https:\/\/mt.uken.krakow.pl\/vi\/wp-json\/wp\/v2\/pages"}],"about":[{"href":"https:\/\/mt.uken.krakow.pl\/vi\/wp-json\/wp\/v2\/types\/page"}],"author":[{"embeddable":true,"href":"https:\/\/mt.uken.krakow.pl\/vi\/wp-json\/wp\/v2\/users\/3"}],"replies":[{"embeddable":true,"href":"https:\/\/mt.uken.krakow.pl\/vi\/wp-json\/wp\/v2\/comments?post=207"}],"version-history":[{"count":12,"href":"https:\/\/mt.uken.krakow.pl\/vi\/wp-json\/wp\/v2\/pages\/207\/revisions"}],"predecessor-version":[{"id":466,"href":"https:\/\/mt.uken.krakow.pl\/vi\/wp-json\/wp\/v2\/pages\/207\/revisions\/466"}],"wp:attachment":[{"href":"https:\/\/mt.uken.krakow.pl\/vi\/wp-json\/wp\/v2\/media?parent=207"}],"curies":[{"name":"wp","href":"https:\/\/api.w.org\/{rel}","templated":true}]}}