{"id":131,"date":"2023-11-08T15:31:34","date_gmt":"2023-11-08T14:31:34","guid":{"rendered":"https:\/\/mt.up.krakow.pl\/vi\/?page_id=131"},"modified":"2024-05-19T12:50:15","modified_gmt":"2024-05-19T10:50:15","slug":"partners","status":"publish","type":"page","link":"https:\/\/mt.uken.krakow.pl\/vi\/about\/partners\/","title":{"rendered":"Partners of MT2024"},"content":{"rendered":"<p><strong>Politechnika \u0141\u00f3dzka<\/strong><\/p>\n<p><a href=\"https:\/\/mt.uken.krakow.pl\/vi\/wp-content\/uploads\/sites\/8\/2024\/03\/politechnika-projekt-2.jpg\"><img loading=\"lazy\" decoding=\"async\" class=\"alignnone  wp-image-309\" src=\"https:\/\/mt.uken.krakow.pl\/vi\/wp-content\/uploads\/sites\/8\/2024\/03\/politechnika-projekt-2.jpg\" alt=\"\" width=\"355\" height=\"102\" srcset=\"https:\/\/mt.uken.krakow.pl\/vi\/wp-content\/uploads\/sites\/8\/2024\/03\/politechnika-projekt-2.jpg 445w, https:\/\/mt.uken.krakow.pl\/vi\/wp-content\/uploads\/sites\/8\/2024\/03\/politechnika-projekt-2-300x86.jpg 300w\" sizes=\"auto, (max-width: 355px) 100vw, 355px\" \/><\/a><\/p>\n<p><strong>Oficyna Edukacyjna Krzysztof Pazdro<\/strong><\/p>\n<p><a href=\"https:\/\/mt.uken.krakow.pl\/vi\/wp-content\/uploads\/sites\/8\/2024\/04\/pazdro.jpg\"><img loading=\"lazy\" decoding=\"async\" class=\"alignnone size-full wp-image-355\" src=\"https:\/\/mt.uken.krakow.pl\/vi\/wp-content\/uploads\/sites\/8\/2024\/04\/pazdro.jpg\" alt=\"\" width=\"281\" height=\"91\" \/><\/a><\/p>\n<p><strong>Gda\u0144skie Wydawnictwo O\u015bwiatowe<\/strong><\/p>\n<p><a href=\"https:\/\/mt.uken.krakow.pl\/vi\/wp-content\/uploads\/sites\/8\/2024\/03\/logo-gwo.png\"><img loading=\"lazy\" decoding=\"async\" class=\"alignnone  wp-image-310\" src=\"https:\/\/mt.uken.krakow.pl\/vi\/wp-content\/uploads\/sites\/8\/2024\/03\/logo-gwo-1024x464.png\" alt=\"\" width=\"276\" height=\"125\" srcset=\"https:\/\/mt.uken.krakow.pl\/vi\/wp-content\/uploads\/sites\/8\/2024\/03\/logo-gwo-1024x464.png 1024w, https:\/\/mt.uken.krakow.pl\/vi\/wp-content\/uploads\/sites\/8\/2024\/03\/logo-gwo-300x136.png 300w, https:\/\/mt.uken.krakow.pl\/vi\/wp-content\/uploads\/sites\/8\/2024\/03\/logo-gwo-768x348.png 768w, https:\/\/mt.uken.krakow.pl\/vi\/wp-content\/uploads\/sites\/8\/2024\/03\/logo-gwo.png 1257w\" sizes=\"auto, (max-width: 276px) 100vw, 276px\" \/><\/a><\/p>\n<p><strong>Wydawnictwo Mando<\/strong><\/p>\n<p><a href=\"https:\/\/mt.uken.krakow.pl\/vi\/wp-content\/uploads\/sites\/8\/2024\/05\/mando.jpg\"><img loading=\"lazy\" decoding=\"async\" class=\"alignnone  wp-image-462\" src=\"https:\/\/mt.uken.krakow.pl\/vi\/wp-content\/uploads\/sites\/8\/2024\/05\/mando.jpg\" alt=\"\" width=\"312\" height=\"128\" srcset=\"https:\/\/mt.uken.krakow.pl\/vi\/wp-content\/uploads\/sites\/8\/2024\/05\/mando.jpg 431w, https:\/\/mt.uken.krakow.pl\/vi\/wp-content\/uploads\/sites\/8\/2024\/05\/mando-300x123.jpg 300w\" sizes=\"auto, (max-width: 312px) 100vw, 312px\" \/><\/a><\/p>\n<p>&nbsp;<\/p>\n","protected":false},"excerpt":{"rendered":"<p>Politechnika \u0141\u00f3dzka Oficyna Edukacyjna Krzysztof Pazdro Gda\u0144skie Wydawnictwo O\u015bwiatowe Wydawnictwo Mando &nbsp;<\/p>\n","protected":false},"author":3,"featured_media":0,"parent":127,"menu_order":0,"comment_status":"closed","ping_status":"closed","template":"","meta":{"footnotes":""},"class_list":["post-131","page","type-page","status-publish","hentry"],"_links":{"self":[{"href":"https:\/\/mt.uken.krakow.pl\/vi\/wp-json\/wp\/v2\/pages\/131","targetHints":{"allow":["GET"]}}],"collection":[{"href":"https:\/\/mt.uken.krakow.pl\/vi\/wp-json\/wp\/v2\/pages"}],"about":[{"href":"https:\/\/mt.uken.krakow.pl\/vi\/wp-json\/wp\/v2\/types\/page"}],"author":[{"embeddable":true,"href":"https:\/\/mt.uken.krakow.pl\/vi\/wp-json\/wp\/v2\/users\/3"}],"replies":[{"embeddable":true,"href":"https:\/\/mt.uken.krakow.pl\/vi\/wp-json\/wp\/v2\/comments?post=131"}],"version-history":[{"count":5,"href":"https:\/\/mt.uken.krakow.pl\/vi\/wp-json\/wp\/v2\/pages\/131\/revisions"}],"predecessor-version":[{"id":481,"href":"https:\/\/mt.uken.krakow.pl\/vi\/wp-json\/wp\/v2\/pages\/131\/revisions\/481"}],"up":[{"embeddable":true,"href":"https:\/\/mt.uken.krakow.pl\/vi\/wp-json\/wp\/v2\/pages\/127"}],"wp:attachment":[{"href":"https:\/\/mt.uken.krakow.pl\/vi\/wp-json\/wp\/v2\/media?parent=131"}],"curies":[{"name":"wp","href":"https:\/\/api.w.org\/{rel}","templated":true}]}}