{"id":124,"date":"2023-11-08T15:25:03","date_gmt":"2023-11-08T14:25:03","guid":{"rendered":"https:\/\/mt.up.krakow.pl\/vi\/?page_id=124"},"modified":"2024-06-02T21:27:28","modified_gmt":"2024-06-02T19:27:28","slug":"participants","status":"publish","type":"page","link":"https:\/\/mt.uken.krakow.pl\/vi\/participants\/","title":{"rendered":"Participants"},"content":{"rendered":"<ol>\n<li><strong>Kwame Adjei-Bediako<\/strong>, Seventh-Day Adventist Shs<\/li>\n<li><strong>Katarzyna Al-Fatal<\/strong>, Zesp\u00f3\u0142 Szk\u00f3\u0142 Technicznych im. I. Mo\u015bcickiego w Tarnowie<\/li>\n<li><strong>Eric Teye-Wayo Ahusah<\/strong>, Ck Tedam University of Technology and Applied Science, Navrongo, Ghana<\/li>\n<li><strong>Clement Ali<\/strong>, University of Education, Winneba, Ghana<\/li>\n<li><strong>Henry Ametor<\/strong>, University of Cape Coast<\/li>\n<li><strong>M\u00f3nica Arnal-Palaci\u00e1n<\/strong>, University of Zaragoza, Zaragoza, Spain<\/li>\n<li><strong>Deepika Bansal<\/strong>, Indian Institute of Science Education and Research, Mohali, India<\/li>\n<li><strong>Barbara Bara\u0144ska<\/strong>, Uniwersytet Komisji Edukacji Narodowej w Krakowie<\/li>\n<li><strong>Guillermo Jr. Bautista<\/strong>, Johannes Kepler University, Linz, Austria<\/li>\n<li><strong>Danuta Biczewska<\/strong>, Zesp\u00f3\u0142 Szk\u00f3\u0142 nr 1 w Krakowie<\/li>\n<li><strong>Gabriela Biel<\/strong>, Uniwersytet Przyrodniczy we Wroc\u0142awiu<\/li>\n<li><strong>Marzena Binkiewicz<\/strong>, <span data-sheets-formula-bar-text-style=\"font-size:13px;color:#000000;font-weight:normal;text-decoration:none;font-family:'Arial';font-style:normal;text-decoration-skip-ink:none;\">Liceum Chocimska, Uniwersytet Warszawski<\/span><\/li>\n<li><strong>Alina B\u0142aszczyk<\/strong>, Technikum Nr 13 w ZSG-T w \u0141odzi<\/li>\n<li><strong>Piotr B\u0142aszczyk<\/strong>, Uniwersytet Komisji Edukacji Narodowej w Krakowie<\/li>\n<li><strong>Anna Bonk<\/strong><\/li>\n<li><strong>Sandra Branicka<\/strong>, University of the National Education Commission, Krakow<\/li>\n<li><strong>Artur Bromboszcz<\/strong>, University of the National Education Commission, Krakow<\/li>\n<li><strong>Katarzyna Buchinger-Janasz<\/strong>, Polish Academy of Social and Humanities in London<\/li>\n<li><strong>Agnieszka Chalecka <\/strong><\/li>\n<li><strong>Jacek Chmieli\u0144ski<\/strong>, Uniwersytet Komisji Edukacji Narodowej w Krakowie<\/li>\n<li><strong>Krzysztof Chojecki<\/strong>, Kurs na edukacj\u0119<\/li>\n<li><strong>Marianna Ciosek<\/strong>, Uniwersytet Komisji Edukacji Narodowej w Krakowie (em.)<\/li>\n<li><strong>Izabela Czarnota<\/strong>, University of the National Education Commission, Krakow<\/li>\n<li><strong>Gabriela Doli\u0144ska<\/strong>, nauczyciel konsultant<\/li>\n<li><strong>Tamara D\u00edaz<\/strong>, Universidad Austral de Chile, Valdivia, Chile<\/li>\n<li><strong>Barbara Dubiecka-Kruk <\/strong><\/li>\n<li><strong>\u0141ucja Farnik<\/strong>, University of the National Education Commission, Krakow<\/li>\n<li><strong>Patricia Flagg<\/strong>, Illinois State Board of Education, Chicago, Illinois, USA<\/li>\n<li><strong>Homero Flores<\/strong>, Colegio de Ciencias y Humanidades, UNAM-Mexico<\/li>\n<li><strong>Jan Ga\u0142uszka <\/strong><\/li>\n<li><strong>Dagmara Gluch, <\/strong>Uniwersytet Wroc\u0142awki<\/li>\n<li><strong>Kamil Habrat<\/strong>, Uniwersytet Jagiello\u0144ski, Szko\u0142a Matematyki Alfa Krak\u00f3w<\/li>\n<li><strong>Kinga Ha\u015b<\/strong><\/li>\n<li><strong>Agata Hoffmann<\/strong>, Uniwersytet Wroc\u0142awski (em.)<\/li>\n<li><strong>Teresa Jakubczyk<\/strong>, Uniwersytet Przyrodniczy we Wroc\u0142awiu<\/li>\n<li><strong>Marek Janasz<\/strong>, Uniwersytet Komisji Edukacji Narodowej w Krakowie<\/li>\n<li><strong>Jan Je\u0142owicki<\/strong>, Uniwersytet Przyrodniczy we Wroc\u0142awiu<\/li>\n<li><strong>Edyta Juskowiak<\/strong>, Uniwersytet im. Adama Mickiewicza w Poznaniu<\/li>\n<li><strong>Marzena Kacprowicz<\/strong><\/li>\n<li><strong>Joanna Kafel-Szyma\u0144ska<\/strong>, Zesp\u00f3\u0142 Szk\u00f3\u0142 Zawodowych nr 1 w Brzegu<\/li>\n<li><strong>Anna Kanafa<\/strong>, Zesp\u00f3\u0142 Szk\u00f3\u0142 Elektryczno &#8211; Elektronicznych, Radomsko<\/li>\n<li><strong>Gra\u017cyna Karczy\u0144ska <\/strong><\/li>\n<li><strong>Dominika Karpi\u0144ska<\/strong>, Zesp\u00f3\u0142 Szk\u00f3\u0142 Licealnych i Ekonomicznych Nr 1 w Warszawie<\/li>\n<li><strong>Svitlana Karpliuk<\/strong>, Spo\u0142eczna Szko\u0142a Podstawowa nr3 z Oddzia\u0142ami Dwuj\u0119zycznymi BTO w Bia\u0142ymstoku<\/li>\n<li><strong>Monika Kie\u0142tyka<\/strong>, University of the National Education Commission, Krakow<\/li>\n<li><strong>Agnieszka Kowalska<\/strong>, Uniwersytet Komisji Edukacji Narodowej w Krakowie<\/li>\n<li><strong>Sebastian Kozera<\/strong>, UMCS, Lublin<\/li>\n<li><strong>Paulin Krasiuk<\/strong>, Uniwersytet Komisji Edukacji Narodowej w Krakowie<\/li>\n<li><strong>Marzena Kraso\u0144-Kap\u0142anek <\/strong><\/li>\n<li><strong>Dorota Krawczyk-Sta\u0144do<\/strong>, Lodz University of Technology<\/li>\n<li><strong>Ireneusz Krech<\/strong>, University of the National Education Commission, Krakow<\/li>\n<li><strong>Kamila Ksi\u0119\u017cyc<\/strong>, (abs.) Uniwersytet Jagiello\u0144ski<\/li>\n<li><strong>Joanna Kubieniec<\/strong>, Uniwersytet \u015al\u0105ski w Katowicach<\/li>\n<li><strong>Karolina Kula<\/strong>, University of the National Education Commission, Krakow<\/li>\n<li><strong>Zsolt Lavicza, <\/strong>Johannes Kepler University, Linz, Austria<\/li>\n<li><strong>Jessica Lins de Souza Fernandes<\/strong>, Alteritas Research Group, Federal University of Santa Catarina, Florianopolis, Brazil<\/li>\n<li><strong>Klaudia Lis<\/strong>, University of the National Education Commission, Krakow<\/li>\n<li><strong>Jean-Francois Maheux<\/strong>, Universit\u00e9 du Qu\u00e9bec \u00e0 Montr\u00e9al, Laboratoire \u00c9pist\u00e9mologie et Activit\u00e9 Math\u00e9matique, Canada<\/li>\n<li><strong>Sylwia Matyszczyk<\/strong><\/li>\n<li><strong>Filiz Mumcu<\/strong>, Johannes Kepler Universtiy, Linz, Austria<\/li>\n<li><strong>Katalin Munkacsy<\/strong>, ELTE, Budapest, Hungary<\/li>\n<li><strong>Ewelina Nawara<\/strong>, University of the National Education Commission, Krakow<\/li>\n<li><strong>Barbara Nawolska<\/strong>, Uniwersytet Komisji Edukacji Narodowej w Krakowie<\/li>\n<li><strong>Ryszard Pagacz<\/strong><\/li>\n<li><strong>Piotr Paw\u0142owski<\/strong>, Uniwersytet Komisji Edukacji Narodowej w Krakowie<\/li>\n<li><strong>Agnieszka Perczak<\/strong>, Regionalny O\u015brodek Doskonalenia Nauczycieli &#8220;WOM&#8221; w Cz\u0119stochowie<\/li>\n<li><strong>Ma\u0142gorzata Piotrowska <\/strong><\/li>\n<li><strong>Arezo Qayoumi<\/strong>, Kabul<\/li>\n<li><strong>Jeenath Rahaman<\/strong>, Azim Premji University, Bhopal, India<\/li>\n<li><strong>Dennis Roble<\/strong>, University of Science and Technology of Southern Philippines, Cagayan De Oro City, Philippines<\/li>\n<li><strong>Bo\u017cena Ro\u017cek<\/strong>, Uniwersytet Komisji Edukacji Narodowej w Krakowie<\/li>\n<li><strong>Cecilia Russo<\/strong>, Johannes Kepler University, Linz, Austria<\/li>\n<li><strong>Saburou Saitoh<\/strong>, Gunma University (em.), Japan<\/li>\n<li><strong>Miros\u0142awa Sajka<\/strong>, Uniwersytet Komisji Edukacji Narodowej w Krakowie<\/li>\n<li><strong>Danuta Sibilska <\/strong><\/li>\n<li><strong>Karolina Skrzypek<\/strong>, Publiczna Szko\u0142a Podstawowa &#8220;Leonardo&#8221;, Wroc\u0142aw, Polska<\/li>\n<li><strong>Katarzyna Sontag <\/strong><\/li>\n<li><strong>Paulina Stanek<\/strong>, Uniwersytet Przyrodniczy we Wroc\u0142awiu<\/li>\n<li><strong>Jacek, Sta\u0144do<\/strong>, Lodz University of Technology<\/li>\n<li><strong>Bo\u017cena St\u0119pie\u0144<\/strong>, Szko\u0142a Podstawowa nr 4, Lubart\u00f3w<\/li>\n<li><strong>Agnieszka Suska<\/strong>, Zesp\u00f3\u0142 Szk\u00f3\u0142 Licealnych i Ekonomicznych Nr 1 w Warszawie<\/li>\n<li><strong>Tomasz Szwed<\/strong>, Akademia Nauk Stosowanych w Raciborzu<\/li>\n<li><strong>James Tanton<\/strong>, Mathematical Association of America<\/li>\n<li><strong>Simon Theberge<\/strong>, Universit\u00e9 du Qu\u00e9bec en Abitibi-T\u00e9miscamingue, Canada<\/li>\n<li><strong>Mateusz Tofilski<\/strong>, Szko\u0142a w Chmurze, University of Silesia in Katowice<\/li>\n<li><strong>Eva Ulbrich<\/strong>, Johannes Kepler University, Linz, Austria<\/li>\n<li><strong>Grzegorz Urbanek<\/strong>, Uniwersytet Rzeszowski<\/li>\n<li><strong>Jana Visnovska<\/strong>, The University of Queensland<\/li>\n<li><strong>Venkateswaran Thathamangalam Viswanathan<\/strong>, Indian Institute of Science Education and Research, Mohali, India<\/li>\n<li><strong>Katarzyna Waszkielis<\/strong>, <span data-sheets-formula-bar-text-style=\"font-size:13px;color:#000000;font-weight:normal;text-decoration:none;font-family:'Arial';font-style:normal;text-decoration-skip-ink:none;\">Zesp\u00f3\u0142 Szk\u00f3\u0142 Elektronicznych i Telekomunikacyjnych w Olsztynie; I Liceum Og\u00f3lnokszta\u0142c\u0105ce im. A. Mickiewicza w Olsztynie<\/span><\/li>\n<li><strong>Norman Wildberger<\/strong>, University of New South Wales, Sydney, Australia<\/li>\n<li><strong>Ma\u0142gorzata Wn\u0119trzak<\/strong>, Uniwersytet Przyrodniczy we Wroc\u0142awiu<\/li>\n<li><strong>Daniel W\u00f3jcik<\/strong>, Uniwersytet Komisji Edukacji Narodowej w Krakowie<\/li>\n<li><strong>Joanna Zagata<\/strong>, Zesp\u00f3\u0142 Szk\u00f3\u0142 Centrum Kszta\u0142cenia Rolniczego im. Augustyna Suskiego w Nowym Targu<\/li>\n<li><strong>Natalia Zaj\u0105c (Bryniarska)<\/strong>, Uniwersytet Komisji Edukacji Narodowej w Krakowie<\/li>\n<li><strong>Anna Zalewska<\/strong>, Spo\u0142eczna Szko\u0142a Podstawowa Nasza Dobra Szko\u0142a, Katowice<\/li>\n<li><strong>Lidia Zar\u0119ba<\/strong>, Uniwersytet Komisji Edukacji Narodowej w Krakowie<\/li>\n<li><strong>Marcin Zieli\u0144ski<\/strong>, Uniwersytet Komisji Edukacji Narodowej w Krakowie<\/li>\n<li><strong>Ma\u0142gorzata \u017bura\u0144ska<\/strong>, Szko\u0142a Podstawowa im. Bohater\u00f3w Grudnia &#8217;70 w \u0141\u0119gowie<\/li>\n<\/ol>\n","protected":false},"excerpt":{"rendered":"<p>Kwame Adjei-Bediako, Seventh-Day Adventist Shs Katarzyna Al-Fatal, Zesp\u00f3\u0142 Szk\u00f3\u0142 Technicznych im. I. Mo\u015bcickiego w Tarnowie Eric Teye-Wayo Ahusah, Ck Tedam&hellip; <\/p>\n","protected":false},"author":3,"featured_media":0,"parent":0,"menu_order":0,"comment_status":"closed","ping_status":"closed","template":"","meta":{"footnotes":""},"class_list":["post-124","page","type-page","status-publish","hentry"],"_links":{"self":[{"href":"https:\/\/mt.uken.krakow.pl\/vi\/wp-json\/wp\/v2\/pages\/124","targetHints":{"allow":["GET"]}}],"collection":[{"href":"https:\/\/mt.uken.krakow.pl\/vi\/wp-json\/wp\/v2\/pages"}],"about":[{"href":"https:\/\/mt.uken.krakow.pl\/vi\/wp-json\/wp\/v2\/types\/page"}],"author":[{"embeddable":true,"href":"https:\/\/mt.uken.krakow.pl\/vi\/wp-json\/wp\/v2\/users\/3"}],"replies":[{"embeddable":true,"href":"https:\/\/mt.uken.krakow.pl\/vi\/wp-json\/wp\/v2\/comments?post=124"}],"version-history":[{"count":17,"href":"https:\/\/mt.uken.krakow.pl\/vi\/wp-json\/wp\/v2\/pages\/124\/revisions"}],"predecessor-version":[{"id":508,"href":"https:\/\/mt.uken.krakow.pl\/vi\/wp-json\/wp\/v2\/pages\/124\/revisions\/508"}],"wp:attachment":[{"href":"https:\/\/mt.uken.krakow.pl\/vi\/wp-json\/wp\/v2\/media?parent=124"}],"curies":[{"name":"wp","href":"https:\/\/api.w.org\/{rel}","templated":true}]}}