{"id":105,"date":"2023-07-27T10:05:25","date_gmt":"2023-07-27T08:05:25","guid":{"rendered":"https:\/\/mt.up.krakow.pl\/vi\/?page_id=105"},"modified":"2024-06-02T21:43:09","modified_gmt":"2024-06-02T19:43:09","slug":"uczestnicy","status":"publish","type":"page","link":"https:\/\/mt.uken.krakow.pl\/vi\/uczestnicy\/","title":{"rendered":"Uczestnicy"},"content":{"rendered":"<ol>\n<li><strong>And\u017celika Bajorek<\/strong>, Uniwersytet Komisji Edukacji Narodowej w Krakowie<\/li>\n<li><strong>Barbara Bara\u0144ska<\/strong>, Uniwersytet Komisji Edukacji Narodowej w Krakowie<\/li>\n<li><strong>Danuta Biczewska<\/strong>, Zesp\u00f3\u0142 Szk\u00f3\u0142 nr 1 w Krakowie<\/li>\n<li><strong>Gabriela Biel<\/strong>, Uniwersytet Przyrodniczy we Wroc\u0142awiu<\/li>\n<li><strong>Marzena Binkiewicz<\/strong>, <span data-sheets-formula-bar-text-style=\"font-size:13px;color:#000000;font-weight:normal;text-decoration:none;font-family:'Arial';font-style:normal;text-decoration-skip-ink:none;\">Liceum Chocimska, Uniwersytet Warszawski<\/span><\/li>\n<li><strong>Alina B\u0142aszczyk<\/strong>, Technikum Nr 13 w ZSG-T w \u0141odzi<\/li>\n<li><strong>Anna Bonk<\/strong><\/li>\n<li><strong>Sandra Branicka<\/strong>, Uniwersytet Komisji Edukacji Narodowej w Krakowie<\/li>\n<li><strong>Artur Bromboszcz<\/strong>, Uniwersytet Komisji Edukacji Narodowej w Krakowie<\/li>\n<li><strong>Katarzyna Buchinger-Janasz<\/strong>, Polish Academy of Social and Humanities in London<\/li>\n<li><strong>Agnieszka Chalecka<\/strong><\/li>\n<li><strong>Krzysztof Chojecki, <\/strong>Kurs na edukacj\u0119<\/li>\n<li><strong>Marianna Ciosek<\/strong>, Uniwersytet Komisji Edukacji Narodowej w Krakowie (em.)<\/li>\n<li><strong>Izabela Czarnota<\/strong>, Uniwersytet Komisji Edukacji Narodowej w Krakowie<\/li>\n<li><strong>Gabriela Doli\u0144ska<\/strong>, nauczyciel konsultant<\/li>\n<li><strong>Justyna Dro\u017cd\u017c<\/strong>, Uniwersytet Komisji Edukacji Narodowej w Krakowie<\/li>\n<li><strong>Barbara<\/strong> <strong>Dubiecka-Kruk<\/strong>, Kurs na edukacj\u0119<\/li>\n<li><strong>\u0141ucja Farnik<\/strong>, Uniwersytet Komisji Edukacji Narodowej w Krakowie<\/li>\n<li><strong>Jan Ga\u0142uszka<\/strong><\/li>\n<li><strong>Anna Garncarz<\/strong>, Uniwersytet Komisji Edukacji Narodowej w Krakowie<\/li>\n<li><strong>Dagmara Gluch, <\/strong>Uniwersytet Wroc\u0142awki<\/li>\n<li><strong>Kamil Habrat<\/strong>, Uniwersytet Jagiello\u0144ski, Szko\u0142a Matematyki Alfa Krak\u00f3w<\/li>\n<li><strong>Kinga Ha\u015b<\/strong><\/li>\n<li><strong>Agata Hoffmann<\/strong>, Uniwersytet Wroc\u0142awski (em.)<\/li>\n<li><strong>Teresa Jakubczyk<\/strong>, Uniwersytet Przyrodniczy we Wroc\u0142awiu<\/li>\n<li><strong>Marek Janasz<\/strong>, Uniwersytet Komisji Edukacji Narodowej w Krakowie<\/li>\n<li><strong>Kacper Ja\u015bkowski<\/strong>, Uniwersytet Komisji Edukacji Narodowej w Krakowie<\/li>\n<li><strong>Jan Je\u0142owicki<\/strong>, Uniwersytet Przyrodniczy we Wroc\u0142awiu<\/li>\n<li><strong>Edyta Juskowiak<\/strong>, Uniwersytet im. Adama Mickiewicz w Poznaniu<\/li>\n<li><strong>Marzena Kacprowicz<\/strong><\/li>\n<li><strong>Joanna Kafel-Szyma\u0144ska<\/strong>, Zesp\u00f3\u0142 Szk\u00f3\u0142 Zawodowych nr 1 w Brzegu<\/li>\n<li><strong>Anna Kanafa<\/strong>, Zesp\u00f3\u0142 Szk\u00f3\u0142 Elektryczno &#8211; Elektronicznych, Radomsko<\/li>\n<li><strong>Weronika Karnasiewicz<\/strong>, Uniwersytet Komisji Edukacji Narodowej w Krakowie<\/li>\n<li><strong>Dominika Karpi\u0144ska<\/strong>, Zesp\u00f3\u0142 Szk\u00f3\u0142 Licealnych i Ekonomicznych Nr 1 w Warszawie<\/li>\n<li><strong>Svitlana Karpliuk<\/strong>, Spo\u0142eczna Szko\u0142a Podstawowa nr3 z Oddzia\u0142ami Dwuj\u0119zycznymi BTO w Bia\u0142ymstoku<\/li>\n<li><strong>Monika Kie\u0142tyka<\/strong>, Uniwersytet Komisji Edukacji Narodowej w Krakowie<\/li>\n<li><strong>Agnieszka Kowalska<\/strong>, Uniwersytet Komisji Edukacji Narodowej w Krakowie<\/li>\n<li><strong>Mateusz Kramarczyk<\/strong>, Uniwersytet Komisji Edukacji Narodowej w Krakowie<\/li>\n<li><strong>Paulina Krasiuk<\/strong>, Uniwersytet Komisji Edukacji Narodowej w Krakowie<\/li>\n<li><strong>Marzena Kraso\u0144-Kap\u0142anek <\/strong><\/li>\n<li><strong>Dominika Krawczyk<\/strong>, Uniwersytet Komisji Edukacji Narodowej w Krakowie<\/li>\n<li><strong>Dorota Krawczyk-Sta\u0144do<\/strong>, Politechnika \u0141\u00f3dzka<\/li>\n<li><strong>Ireneusz Krech<\/strong>, Uniwersytet Komisji Edukacji Narodowej w Krakowie<\/li>\n<li><strong>Agata Krzych<\/strong>, Uniwersytet Komisji Edukacji Narodowej w Krakowie<\/li>\n<li><strong>Kamila Ksi\u0119\u017cyc<\/strong>, (abs.) Uniwersytet Jagiello\u0144ski<\/li>\n<li><strong>Joanna Kubieniec<\/strong>, Uniwersytet \u015al\u0105ski w Katowicach<\/li>\n<li><strong>Karolina Kula<\/strong>, Uniwersytet Komisji Edukacji Narodowej w Krakowie<\/li>\n<li><strong>Krzysztof Kwa\u015bniowski<\/strong>, Uniwersytet Komisji Edukacji Narodowej w Krakowie<\/li>\n<li><strong>Klaudia Lis<\/strong>, Uniwersytet Komisji Edukacji Narodowej w Krakowie<\/li>\n<li><strong>Sylwia Matyszczyk<\/strong><\/li>\n<li><strong>Ewelina Nawara<\/strong>, Uniwersytet Komisji Edukacji Narodowej w Krakowie<\/li>\n<li><strong>Barbara Nawolska<\/strong>, Uniwersytet Komisji Edukacji Narodowej w Krakowie<\/li>\n<li><strong>Ryszard Pagacz<\/strong><\/li>\n<li><strong>Piotr Paw\u0142owski<\/strong>, Uniwersytet Komisji Edukacji Narodowej w Krakowie<\/li>\n<li><strong>Agnieszka Perczak<\/strong>, Regionalny O\u015brodek Doskonalenia Nauczycieli &#8220;WOM&#8221; w Cz\u0119stochowie<\/li>\n<li><strong>Ma\u0142gorzata Piotrowska <\/strong><\/li>\n<li><strong>Wiktoria Polak<\/strong>, Uniwersytet Komisji Edukacji Narodowej w Krakowie<\/li>\n<li><strong>Bo\u017cena Ro\u017cek<\/strong>, Uniwersytet Komisji Edukacji Narodowej w Krakowie<\/li>\n<li><strong>Miros\u0142awa Sajka<\/strong>, Uniwersytet Komisji Edukacji Narodowej w Krakowie<\/li>\n<li><strong>Danuta Sibilska<\/strong><\/li>\n<li><strong>Karolina Skrzypek<\/strong>, Publiczna Szko\u0142a Podstawowa &#8220;Leonardo&#8221;, Wroc\u0142aw<\/li>\n<li><strong>Roman Solecki<\/strong>, Krakowski Instytut Logoterapii; UKEN<\/li>\n<li><strong>Katarzyna Sontag <\/strong><\/li>\n<li><strong>Paulina Stanek<\/strong>, Uniwersytet Przyrodniczy we Wroc\u0142awiu<\/li>\n<li><strong>Jacek Sta\u0144do<\/strong>, Politechnika \u0141\u00f3dzka<\/li>\n<li><strong>Agnieszka Suska<\/strong>, Zesp\u00f3\u0142 Szk\u00f3\u0142 Licealnych i Ekonomicznych Nr 1 w Warszawie<\/li>\n<li><strong>Tomasz Szwed<\/strong>, Akademia Nauk Stosowanych w Raciborzu<\/li>\n<li><strong>Grzegorz Urbanek<\/strong>, Uniwersytet Rzeszowski<\/li>\n<li><strong>Katarzyna Waszkielis<\/strong>, <span data-sheets-formula-bar-text-style=\"font-size:13px;color:#000000;font-weight:normal;text-decoration:none;font-family:'Arial';font-style:normal;text-decoration-skip-ink:none;\">Zesp\u00f3\u0142 Szk\u00f3\u0142 Elektronicznych i Telekomunikacyjnych w Olsztynie; I Liceum Og\u00f3lnokszta\u0142c\u0105ce im. A. Mickiewicza w Olsztynie<\/span><\/li>\n<li><strong>Natalia W\u0105tor<\/strong>, Uniwersytet Komisji Edukacji Narodowej w Krakowie<\/li>\n<li><strong>Pawe\u0142 W\u0105tor<\/strong>, Uniwersytet Komisji Edukacji Narodowej w Krakowie<\/li>\n<li><strong>Maria Wilko\u0144ska<\/strong>, Uniwersytet Komisji Edukacji Narodowej w Krakowie<\/li>\n<li><strong>Ma\u0142gorzata Wn\u0119trzak<\/strong>, Uniwersytet Przyrodniczy we Wroc\u0142awiu<\/li>\n<li><strong>Daniel W\u00f3jcik<\/strong>, Uniwersytet Komisji Edukacji Narodowej w Krakowie<\/li>\n<li><strong>Joanna Zagata<\/strong>, Zesp\u00f3\u0142 Szk\u00f3\u0142 Centrum Kszta\u0142cenia Rolniczego im. Augustyna Suskiego w Nowym Targu<\/li>\n<li><strong>Natalia Zaj\u0105c (Bryniarska)<\/strong>, Uniwersytet Komisji Edukacji Narodowej w Krakowie<\/li>\n<li><strong>Anna Zalewska<\/strong>, Spo\u0142eczna Szko\u0142a Podstawowa Nasza Dobra Szko\u0142a, Katowice<\/li>\n<li><strong>Lidia Zar\u0119ba<\/strong>, Uniwersytet Komisji Edukacji Narodowej w Krakowie<\/li>\n<li><strong>Marcin Zieli\u0144ski<\/strong>, Uniwersytet Komisji Edukacji Narodowej w Krakowie<\/li>\n<li><strong>Ma\u0142gorzata \u017bura\u0144ska<\/strong>, Szko\u0142a Podstawowa im. Bohater\u00f3w Grudnia &#8217;70 w \u0141\u0119gowie<\/li>\n<li><strong>Anna \u017bydek<\/strong>, Uniwersytet Komisji Edukacji Narodowej w Krakowie<\/li>\n<\/ol>\n","protected":false},"excerpt":{"rendered":"<p>And\u017celika Bajorek, Uniwersytet Komisji Edukacji Narodowej w Krakowie Barbara Bara\u0144ska, Uniwersytet Komisji Edukacji Narodowej w Krakowie Danuta Biczewska, Zesp\u00f3\u0142 Szk\u00f3\u0142&hellip; <\/p>\n","protected":false},"author":2,"featured_media":0,"parent":0,"menu_order":0,"comment_status":"closed","ping_status":"closed","template":"","meta":{"footnotes":""},"class_list":["post-105","page","type-page","status-publish","hentry"],"_links":{"self":[{"href":"https:\/\/mt.uken.krakow.pl\/vi\/wp-json\/wp\/v2\/pages\/105","targetHints":{"allow":["GET"]}}],"collection":[{"href":"https:\/\/mt.uken.krakow.pl\/vi\/wp-json\/wp\/v2\/pages"}],"about":[{"href":"https:\/\/mt.uken.krakow.pl\/vi\/wp-json\/wp\/v2\/types\/page"}],"author":[{"embeddable":true,"href":"https:\/\/mt.uken.krakow.pl\/vi\/wp-json\/wp\/v2\/users\/2"}],"replies":[{"embeddable":true,"href":"https:\/\/mt.uken.krakow.pl\/vi\/wp-json\/wp\/v2\/comments?post=105"}],"version-history":[{"count":20,"href":"https:\/\/mt.uken.krakow.pl\/vi\/wp-json\/wp\/v2\/pages\/105\/revisions"}],"predecessor-version":[{"id":509,"href":"https:\/\/mt.uken.krakow.pl\/vi\/wp-json\/wp\/v2\/pages\/105\/revisions\/509"}],"wp:attachment":[{"href":"https:\/\/mt.uken.krakow.pl\/vi\/wp-json\/wp\/v2\/media?parent=105"}],"curies":[{"name":"wp","href":"https:\/\/api.w.org\/{rel}","templated":true}]}}