{"id":10,"date":"2023-06-21T15:26:00","date_gmt":"2023-06-21T13:26:00","guid":{"rendered":"https:\/\/mt.up.krakow.pl\/vi\/?page_id=10"},"modified":"2024-05-06T00:51:36","modified_gmt":"2024-05-05T22:51:36","slug":"miejsce","status":"publish","type":"page","link":"https:\/\/mt.uken.krakow.pl\/vi\/miejsce\/","title":{"rendered":"Miejsce"},"content":{"rendered":"<p>Cz\u0119\u015b\u0107 stacjonarna konferencji <strong>Transgresje Matematyczne<\/strong> odb\u0119dzie si\u0119 w dniach <strong>5-6 czerwca 2024<\/strong> w budynku g\u0142\u00f3wnym Uniwersytetu Komisji Edukacji Narodowej w Krakowie (ul. Podchor\u0105\u017cych 2).<\/p>\n<p>Wszystkie zaj\u0119cia odbywa\u0107 si\u0119 b\u0119d\u0105 w <strong>Audytorium im. W. Danka<\/strong>.<\/p>\n<p><strong>Dojazd komunikacj\u0105 miejsk\u0105<\/strong><\/p>\n<p>Przystanki przy Uczelni: <strong>UKEN 01<\/strong> \/ <strong>UKEN 02<\/strong><\/p>\n<p>Aktualne rozk\u0142ady jazdy:\u00a0 <a href=\"https:\/\/rozklady.mpk.krakow.pl\/\">https:\/\/rozklady.mpk.krakow.pl\/<\/a><\/p>\n<p>Planer podr\u00f3\u017cy:\u00a0 <a href=\"https:\/\/jakdojade.pl\/krakow\">https:\/\/jakdojade.pl\/krakow<\/a><\/p>\n<p>&nbsp;<\/p>\n","protected":false},"excerpt":{"rendered":"<p>Cz\u0119\u015b\u0107 stacjonarna konferencji Transgresje Matematyczne odb\u0119dzie si\u0119 w dniach 5-6 czerwca 2024 w budynku g\u0142\u00f3wnym Uniwersytetu Komisji Edukacji Narodowej w&hellip; <\/p>\n","protected":false},"author":2,"featured_media":0,"parent":0,"menu_order":0,"comment_status":"closed","ping_status":"closed","template":"","meta":{"footnotes":""},"class_list":["post-10","page","type-page","status-publish","hentry"],"_links":{"self":[{"href":"https:\/\/mt.uken.krakow.pl\/vi\/wp-json\/wp\/v2\/pages\/10","targetHints":{"allow":["GET"]}}],"collection":[{"href":"https:\/\/mt.uken.krakow.pl\/vi\/wp-json\/wp\/v2\/pages"}],"about":[{"href":"https:\/\/mt.uken.krakow.pl\/vi\/wp-json\/wp\/v2\/types\/page"}],"author":[{"embeddable":true,"href":"https:\/\/mt.uken.krakow.pl\/vi\/wp-json\/wp\/v2\/users\/2"}],"replies":[{"embeddable":true,"href":"https:\/\/mt.uken.krakow.pl\/vi\/wp-json\/wp\/v2\/comments?post=10"}],"version-history":[{"count":18,"href":"https:\/\/mt.uken.krakow.pl\/vi\/wp-json\/wp\/v2\/pages\/10\/revisions"}],"predecessor-version":[{"id":370,"href":"https:\/\/mt.uken.krakow.pl\/vi\/wp-json\/wp\/v2\/pages\/10\/revisions\/370"}],"wp:attachment":[{"href":"https:\/\/mt.uken.krakow.pl\/vi\/wp-json\/wp\/v2\/media?parent=10"}],"curies":[{"name":"wp","href":"https:\/\/api.w.org\/{rel}","templated":true}]}}